{"id":475,"date":"2025-11-17T04:00:40","date_gmt":"2025-11-17T04:00:40","guid":{"rendered":"http:\/\/www.songhaiflange.com\/?post_type=product&#038;p=475"},"modified":"2025-11-17T04:00:40","modified_gmt":"2025-11-17T04:00:40","slug":"Butt-Welding-Flange-2","status":"publish","type":"product","link":"https:\/\/www.songhaiflange.com\/de\/produkt\/Butt-Welding-Flange-2\/","title":{"rendered":"Stumpfschwei\u00dfflansch 2"},"content":{"rendered":"<div class=\"goods_description_btm editor-box\">\n<p>Ein Vorschwei\u00dfflansch hat einen kegelf\u00f6rmigen Hals, der an ein Rohr oder einen Zylinder geschwei\u00dft ist. Er ist ein starker, einteiliger Flansch, der besser abdichtet als flache Schwei\u00dfflansche. Er ben\u00f6tigt jedoch mehr Material und ist teurer in der Herstellung, da er geschmiedet werden muss. Er eignet sich f\u00fcr hohe Dr\u00fccke, Temperaturen oder strenge Dichtungsanforderungen.<\/p>\n<\/p><\/div>","protected":false},"excerpt":{"rendered":"<div class=\"goods_info_group\">\n<div class=\"goods_info_item\">\n<div class=\"goods_info_item_title\">INTRO<\/div>\n<div class=\"goods_info_item_text\">Ein Vorschwei\u00dfflansch hat einen kegelf\u00f6rmigen Hals, der an ein Rohr oder einen Zylinder geschwei\u00dft ist. Es handelt sich um einen starken, einteiligen Flansch, der besser abdichtet als flache Schwei\u00dfflansche. Er eignet sich f\u00fcr hohe Dr\u00fccke, Temperaturen oder strenge Dichtungsanforderungen.<\/div>\n<\/p><\/div>\n<div class=\"goods_info_item\">\n<div class=\"goods_info_item_title\"><\/div>\n<div class=\"goods_info_item_text\"><\/div>\n<\/p><\/div>\n<\/p><\/div>","protected":false},"featured_media":476,"template":"","meta":{"_acf_changed":false},"product_brand":[],"product_cat":[47],"product_tag":[],"class_list":{"0":"post-475","1":"product","2":"type-product","3":"status-publish","4":"has-post-thumbnail","6":"product_cat-weld-neck-flanges","8":"first","9":"instock","10":"shipping-taxable","11":"purchasable","12":"product-type-simple"},"acf":[],"_links":{"self":[{"href":"https:\/\/www.songhaiflange.com\/de\/wp-json\/wp\/v2\/product\/475","targetHints":{"allow":["GET"]}}],"collection":[{"href":"https:\/\/www.songhaiflange.com\/de\/wp-json\/wp\/v2\/product"}],"about":[{"href":"https:\/\/www.songhaiflange.com\/de\/wp-json\/wp\/v2\/types\/product"}],"wp:featuredmedia":[{"embeddable":true,"href":"https:\/\/www.songhaiflange.com\/de\/wp-json\/wp\/v2\/media\/476"}],"wp:attachment":[{"href":"https:\/\/www.songhaiflange.com\/de\/wp-json\/wp\/v2\/media?parent=475"}],"wp:term":[{"taxonomy":"product_brand","embeddable":true,"href":"https:\/\/www.songhaiflange.com\/de\/wp-json\/wp\/v2\/product_brand?post=475"},{"taxonomy":"product_cat","embeddable":true,"href":"https:\/\/www.songhaiflange.com\/de\/wp-json\/wp\/v2\/product_cat?post=475"},{"taxonomy":"product_tag","embeddable":true,"href":"https:\/\/www.songhaiflange.com\/de\/wp-json\/wp\/v2\/product_tag?post=475"}],"curies":[{"name":"wp","href":"https:\/\/api.w.org\/{rel}","templated":true}]}}