{"id":485,"date":"2025-11-17T04:03:59","date_gmt":"2025-11-17T04:03:59","guid":{"rendered":"http:\/\/www.songhaiflange.com\/?post_type=product&#038;p=485"},"modified":"2025-11-17T04:03:59","modified_gmt":"2025-11-17T04:03:59","slug":"Threaded-Flanges","status":"publish","type":"product","link":"https:\/\/www.songhaiflange.com\/de\/produkt\/Threaded-Flanges\/","title":{"rendered":"Flansche mit Gewinde"},"content":{"rendered":"<div class=\"goods_description_btm editor-box\">\n<p><strong>Der Gewindeflansch ist eine Art nicht geschwei\u00dfter Flansch, bei dem das innere Loch des Flansches zu einem Rohrgewinde verarbeitet und mit einem Rohr mit Gewinde verbunden wird. Verglichen mit dem flachen geschwei\u00dften Flansch oder dem stumpfgeschwei\u00dften Flansch hat der Gewindeflansch die Eigenschaften einer bequemen Installation und Wartung<\/strong>.<strong>Weitere Informationen finden Sie im Download-Bereich auf der rechten Seite.<\/strong>.<\/p>\n<\/p>\n<h2 class=\"wp-block-heading\"><strong>H\u00e4ufig gestellte Fragen (FAQs)<\/strong><\/h2>\n<details class=\"wp-block-details is-layout-flow wp-block-details-is-layout-flow\">\n<summary>Welche Vorteile hat die Verwendung eines Gewindeflansches?<\/summary>\n<p>Flansche mit Gewinde bieten eine bequeme Installation und Wartung, erm\u00f6glichen eine einfache Montage und Demontage ohne Schwei\u00dfen und reduzieren zus\u00e4tzliche Drehmomente und Verformungen.<\/p>\n<\/details>\n<details class=\"wp-block-details is-layout-flow wp-block-details-is-layout-flow\">\n<summary>Wann sollte ich Flansche mit Gewinde verwenden?<\/summary>\n<p>Verwenden Sie einen Gewindeflansch, wenn Sie eine nicht geschwei\u00dfte, einfach zu installierende Verbindung f\u00fcr Rohre ben\u00f6tigen, insbesondere bei Anwendungen, die eine h\u00e4ufige Demontage oder Wartung erfordern und bei denen Schwei\u00dfen nicht praktikabel ist. Er ist ideal f\u00fcr Situationen, in denen reduzierte Installationskosten und Einfachheit Priorit\u00e4t haben.<\/p>\n<\/details>\n<details class=\"wp-block-details is-layout-flow wp-block-details-is-layout-flow\">\n<summary>Wie montiere ich einen Gewindeflansch?<\/summary>\n<p>So montieren Sie einen Gewindeflansch: Reinigen Sie den Flansch und richten Sie ihn am Rohr aus, schrauben Sie ihn von Hand auf, ziehen Sie ihn mit einer Rohrzange fest, \u00fcberpr\u00fcfen Sie die Ausrichtung und tragen Sie bei Bedarf Dichtmittel auf.<\/p>\n<\/details><\/div>","protected":false},"excerpt":{"rendered":"<div class=\"goods_info_group\">\n<div class=\"goods_info_item\">\n<div class=\"goods_info_item_title\">INTRO<\/div>\n<div class=\"goods_info_item_text\">Der Gewindeflansch ist eine Art Flansch, der \u00fcber ein Gewinde mit dem Rohr verbunden ist. Er bietet eine nahtlose und effiziente L\u00f6sung f\u00fcr Hochdruck-Rohrleitungsverbindungen.<\/p>\n<p>Mit seinem Rohrinnengewinde erm\u00f6glicht es eine einfache Montage und Demontage ohne Schwei\u00dfarbeiten.<\/p>\n<p>Dieses innovative Design minimiert zus\u00e4tzliche Drehmomente und Verformungen und gew\u00e4hrleistet einen sicheren Sitz bei minimalen Kosten.<\/p><\/div>\n<\/p><\/div>\n<div class=\"goods_info_item\">\n<div class=\"goods_info_item_title\"><\/div>\n<div class=\"goods_info_item_text\"><b>Standard\uff1a<\/b><br \/>GB\/T9119-2010<br \/>\nHG\/T20592-2009<br \/>\nHG\/T20615-2009<br \/>\nDIN<br \/>\nASME<br \/>\nBS<br \/>\nJIS<\/p>\n<p><b>Material\uff1a<\/b><br \/>304\uff1aF304 S30408 S30408II S30408III S30400<br \/>304L\uff1aS30403 S30403II 30403 30403II<br \/>316L\uff1a31603 31603II 31603III<br \/>\n2507\uff08F53\uff09<br \/>\n2205\uff08F51\uff09<br \/>\nTP310S\uff0806Cr5Ni20\uff09<br \/>\nTP321\uff0806Cr18Ni11\uff09<br \/>\nS22053III=2205III<br \/>\nT321-32168=321<\/div>\n<\/p><\/div>\n<\/p><\/div>","protected":false},"featured_media":486,"template":"","meta":{"_acf_changed":false},"product_brand":[],"product_cat":[49],"product_tag":[],"class_list":{"0":"post-485","1":"product","2":"type-product","3":"status-publish","4":"has-post-thumbnail","6":"product_cat-threaded-flanges","8":"first","9":"instock","10":"shipping-taxable","11":"purchasable","12":"product-type-simple"},"acf":[],"_links":{"self":[{"href":"https:\/\/www.songhaiflange.com\/de\/wp-json\/wp\/v2\/product\/485","targetHints":{"allow":["GET"]}}],"collection":[{"href":"https:\/\/www.songhaiflange.com\/de\/wp-json\/wp\/v2\/product"}],"about":[{"href":"https:\/\/www.songhaiflange.com\/de\/wp-json\/wp\/v2\/types\/product"}],"wp:featuredmedia":[{"embeddable":true,"href":"https:\/\/www.songhaiflange.com\/de\/wp-json\/wp\/v2\/media\/486"}],"wp:attachment":[{"href":"https:\/\/www.songhaiflange.com\/de\/wp-json\/wp\/v2\/media?parent=485"}],"wp:term":[{"taxonomy":"product_brand","embeddable":true,"href":"https:\/\/www.songhaiflange.com\/de\/wp-json\/wp\/v2\/product_brand?post=485"},{"taxonomy":"product_cat","embeddable":true,"href":"https:\/\/www.songhaiflange.com\/de\/wp-json\/wp\/v2\/product_cat?post=485"},{"taxonomy":"product_tag","embeddable":true,"href":"https:\/\/www.songhaiflange.com\/de\/wp-json\/wp\/v2\/product_tag?post=485"}],"curies":[{"name":"wp","href":"https:\/\/api.w.org\/{rel}","templated":true}]}}