{"id":557,"date":"2025-11-17T04:50:25","date_gmt":"2025-11-17T04:50:25","guid":{"rendered":"http:\/\/www.songhaiflange.com\/?post_type=product&#038;p=557"},"modified":"2025-11-17T04:50:25","modified_gmt":"2025-11-17T04:50:25","slug":"Sealing-ring","status":"publish","type":"product","link":"https:\/\/www.songhaiflange.com\/de\/produkt\/Sealing-ring\/","title":{"rendered":"Dichtungsring"},"content":{"rendered":"<div class=\"goods_description_btm editor-box\">\n<p>Der Dichtungsring verhindert wirksam, dass Fl\u00fcssigkeit oder Gas von einem Teil des Systems zu einem anderen entweicht. In einem F\u00f6rdersystem f\u00fcllt ein Dichtungsring den Spalt zwischen zwei Komponenten, um das Austreten von Fl\u00fcssigkeit oder Gas zu verhindern. Wenn der Dichtungsring nicht geeignet oder besch\u00e4digt ist, f\u00fchrt dies zu Produktverlusten und Umweltverschmutzung.<\/p>\n<\/p><\/div>","protected":false},"excerpt":{"rendered":"<div class=\"goods_info_group\">\n<div class=\"goods_info_item\">\n<div class=\"goods_info_item_title\">INTRO<\/div>\n<div class=\"goods_info_item_text\">Der Dichtungsring verhindert das Eindringen von externen Verunreinigungen in das System und sch\u00fctzt so die internen Komponenten vor Sch\u00e4den. Ohne den Schutz des Dichtungsrings k\u00f6nnen externe Verunreinigungen in das System eindringen und zu Verschlei\u00df und Sch\u00e4den an den internen Komponenten f\u00fchren.<\/div>\n<\/p><\/div>\n<div class=\"goods_info_item\">\n<div class=\"goods_info_item_title\"><\/div>\n<div class=\"goods_info_item_text\"><\/div>\n<\/p><\/div>\n<\/p><\/div>","protected":false},"featured_media":558,"template":"","meta":{"_acf_changed":false},"product_brand":[],"product_cat":[44],"product_tag":[],"class_list":{"0":"post-557","1":"product","2":"type-product","3":"status-publish","4":"has-post-thumbnail","6":"product_cat-customized-products","8":"first","9":"instock","10":"shipping-taxable","11":"purchasable","12":"product-type-simple"},"acf":[],"_links":{"self":[{"href":"https:\/\/www.songhaiflange.com\/de\/wp-json\/wp\/v2\/product\/557","targetHints":{"allow":["GET"]}}],"collection":[{"href":"https:\/\/www.songhaiflange.com\/de\/wp-json\/wp\/v2\/product"}],"about":[{"href":"https:\/\/www.songhaiflange.com\/de\/wp-json\/wp\/v2\/types\/product"}],"wp:featuredmedia":[{"embeddable":true,"href":"https:\/\/www.songhaiflange.com\/de\/wp-json\/wp\/v2\/media\/558"}],"wp:attachment":[{"href":"https:\/\/www.songhaiflange.com\/de\/wp-json\/wp\/v2\/media?parent=557"}],"wp:term":[{"taxonomy":"product_brand","embeddable":true,"href":"https:\/\/www.songhaiflange.com\/de\/wp-json\/wp\/v2\/product_brand?post=557"},{"taxonomy":"product_cat","embeddable":true,"href":"https:\/\/www.songhaiflange.com\/de\/wp-json\/wp\/v2\/product_cat?post=557"},{"taxonomy":"product_tag","embeddable":true,"href":"https:\/\/www.songhaiflange.com\/de\/wp-json\/wp\/v2\/product_tag?post=557"}],"curies":[{"name":"wp","href":"https:\/\/api.w.org\/{rel}","templated":true}]}}