{"id":563,"date":"2025-11-17T04:50:34","date_gmt":"2025-11-17T04:50:34","guid":{"rendered":"http:\/\/www.songhaiflange.com\/?post_type=product&#038;p=563"},"modified":"2025-11-17T04:50:34","modified_gmt":"2025-11-17T04:50:34","slug":"Flower-Plate","status":"publish","type":"product","link":"https:\/\/www.songhaiflange.com\/de\/produkt\/Flower-Plate\/","title":{"rendered":"Blumenteller"},"content":{"rendered":"<div class=\"goods_description_btm editor-box\">\n<p>Ma\u00dfgefertigte Produkte sind Artikel, die nach spezifischen Kundenw\u00fcnschen hergestellt werden. Sie k\u00f6nnen sich in Bezug auf Spezifikationen, Menge, Farbe, Geruch, Verpackung und Etikettierung von standardm\u00e4\u00dfig hergestellten Produkten unterscheiden.<\/p>\n<\/p><\/div>","protected":false},"excerpt":{"rendered":"<div class=\"goods_info_group\">\n<div class=\"goods_info_item\">\n<div class=\"goods_info_item_title\">INTRO<\/div>\n<div class=\"goods_info_item_text\">Ma\u00dfgefertigte Produkte sind Artikel, die nach spezifischen Kundenw\u00fcnschen hergestellt werden. Sie k\u00f6nnen sich in Bezug auf Spezifikationen, Menge, Farbe, Geruch, Verpackung und Etikettierung von standardm\u00e4\u00dfig hergestellten Produkten unterscheiden.<\/div>\n<\/p><\/div>\n<div class=\"goods_info_item\">\n<div class=\"goods_info_item_title\"><\/div>\n<div class=\"goods_info_item_text\"><\/div>\n<\/p><\/div>\n<\/p><\/div>","protected":false},"featured_media":564,"template":"","meta":{"_acf_changed":false},"product_brand":[],"product_cat":[44],"product_tag":[],"class_list":{"0":"post-563","1":"product","2":"type-product","3":"status-publish","4":"has-post-thumbnail","6":"product_cat-customized-products","8":"first","9":"instock","10":"shipping-taxable","11":"purchasable","12":"product-type-simple"},"acf":[],"_links":{"self":[{"href":"https:\/\/www.songhaiflange.com\/de\/wp-json\/wp\/v2\/product\/563","targetHints":{"allow":["GET"]}}],"collection":[{"href":"https:\/\/www.songhaiflange.com\/de\/wp-json\/wp\/v2\/product"}],"about":[{"href":"https:\/\/www.songhaiflange.com\/de\/wp-json\/wp\/v2\/types\/product"}],"wp:featuredmedia":[{"embeddable":true,"href":"https:\/\/www.songhaiflange.com\/de\/wp-json\/wp\/v2\/media\/564"}],"wp:attachment":[{"href":"https:\/\/www.songhaiflange.com\/de\/wp-json\/wp\/v2\/media?parent=563"}],"wp:term":[{"taxonomy":"product_brand","embeddable":true,"href":"https:\/\/www.songhaiflange.com\/de\/wp-json\/wp\/v2\/product_brand?post=563"},{"taxonomy":"product_cat","embeddable":true,"href":"https:\/\/www.songhaiflange.com\/de\/wp-json\/wp\/v2\/product_cat?post=563"},{"taxonomy":"product_tag","embeddable":true,"href":"https:\/\/www.songhaiflange.com\/de\/wp-json\/wp\/v2\/product_tag?post=563"}],"curies":[{"name":"wp","href":"https:\/\/api.w.org\/{rel}","templated":true}]}}