{"id":481,"date":"2025-11-17T04:00:50","date_gmt":"2025-11-17T04:00:50","guid":{"rendered":"http:\/\/www.songhaiflange.com\/?post_type=product&#038;p=481"},"modified":"2025-11-17T04:00:50","modified_gmt":"2025-11-17T04:00:50","slug":"Butt-Welded-Flange-1","status":"publish","type":"product","link":"https:\/\/www.songhaiflange.com\/es\/product\/Butt-Welded-Flange-1\/","title":{"rendered":"Brida soldada a tope 1"},"content":{"rendered":"<div class=\"goods_description_btm editor-box\">\n<p>Una brida de soldadura de cuello a tope tiene un cuello en forma de cono soldado a una tuber\u00eda o cilindro. Es una brida fuerte, de una sola pieza, que sella mejor que las bridas de soldadura plana. Pero utiliza m\u00e1s materiales y cuesta m\u00e1s de fabricar porque hay que forjarla. Es adecuada para altas presiones, temperaturas o necesidades de estanquidad estrictas.<\/p>\n<\/p><\/div>","protected":false},"excerpt":{"rendered":"<div class=\"goods_info_group\">\n<div class=\"goods_info_item\">\n<div class=\"goods_info_item_title\">INTRO<\/div>\n<div class=\"goods_info_item_text\">Una brida de cuello soldado a tope tiene un cuello en forma de cono soldado a un tubo o cilindro. Es una brida fuerte de una sola pieza que sella mejor que las bridas de soldadura plana. Es adecuada para altas presiones, temperaturas o necesidades de estanquidad estrictas.<\/div>\n<\/p><\/div>\n<div class=\"goods_info_item\">\n<div class=\"goods_info_item_title\"><\/div>\n<div class=\"goods_info_item_text\"><\/div>\n<\/p><\/div>\n<\/p><\/div>","protected":false},"featured_media":482,"template":"","meta":{"_acf_changed":false},"product_brand":[],"product_cat":[47],"product_tag":[],"class_list":{"0":"post-481","1":"product","2":"type-product","3":"status-publish","4":"has-post-thumbnail","6":"product_cat-weld-neck-flanges","8":"first","9":"instock","10":"shipping-taxable","11":"purchasable","12":"product-type-simple"},"acf":[],"_links":{"self":[{"href":"https:\/\/www.songhaiflange.com\/es\/wp-json\/wp\/v2\/product\/481","targetHints":{"allow":["GET"]}}],"collection":[{"href":"https:\/\/www.songhaiflange.com\/es\/wp-json\/wp\/v2\/product"}],"about":[{"href":"https:\/\/www.songhaiflange.com\/es\/wp-json\/wp\/v2\/types\/product"}],"wp:featuredmedia":[{"embeddable":true,"href":"https:\/\/www.songhaiflange.com\/es\/wp-json\/wp\/v2\/media\/482"}],"wp:attachment":[{"href":"https:\/\/www.songhaiflange.com\/es\/wp-json\/wp\/v2\/media?parent=481"}],"wp:term":[{"taxonomy":"product_brand","embeddable":true,"href":"https:\/\/www.songhaiflange.com\/es\/wp-json\/wp\/v2\/product_brand?post=481"},{"taxonomy":"product_cat","embeddable":true,"href":"https:\/\/www.songhaiflange.com\/es\/wp-json\/wp\/v2\/product_cat?post=481"},{"taxonomy":"product_tag","embeddable":true,"href":"https:\/\/www.songhaiflange.com\/es\/wp-json\/wp\/v2\/product_tag?post=481"}],"curies":[{"name":"wp","href":"https:\/\/api.w.org\/{rel}","templated":true}]}}