{"id":502,"date":"2025-11-17T04:34:36","date_gmt":"2025-11-17T04:34:36","guid":{"rendered":"http:\/\/www.songhaiflange.com\/?post_type=product&#038;p=502"},"modified":"2025-11-16T23:36:44","modified_gmt":"2025-11-17T04:36:44","slug":"large-diameter-pressure-vessel-flange","status":"publish","type":"product","link":"https:\/\/www.songhaiflange.com\/es\/product\/large-diameter-pressure-vessel-flange\/","title":{"rendered":"Brida para recipiente a presi\u00f3n de gran di\u00e1metro"},"content":{"rendered":"<figure class=\"flange-image\"><img decoding=\"async\" src=\"\/wp-content\/uploads\/flange-images\/large-flange.svg\" alt=\"Large Diameter Flange\" style=\"max-width:100%;height:auto;margin:20px 0;border:1px solid #ddd;border-radius:8px;box-shadow:0 2px 8px rgba(0,0,0,0.1);\" title=\"\"><\/figure>\n<div class=\"goods_description_btm editor-box\">\n<p>La brida de gran di\u00e1metro es un tipo de brida ampliamente utilizada y promovida en la industria de la maquinaria, la industria qu\u00edmica, la industria de la energ\u00eda e\u00f3lica y la industria de tratamiento de aguas residuales, y ha sido elogiada y favorecida por los usuarios.<\/p>\n<\/div>","protected":false},"excerpt":{"rendered":"<div class=\"goods_info_group\">\n<div class=\"goods_info_item\">\n<div class=\"goods_info_item_title\">INTRO<\/div>\n<div class=\"goods_info_item_text\">La brida de gran di\u00e1metro se utiliza ampliamente, el proceso de producci\u00f3n se divide en laminado y forjado. El material es de acero al carbono, acero inoxidable y acero de aleaci\u00f3n.<\/div>\n<\/div>\n<div class=\"goods_info_item\">\n<div class=\"goods_info_item_title\"><\/div>\n<div class=\"goods_info_item_text\"><\/div>\n<\/div>\n<\/div>","protected":false},"featured_media":512,"template":"","meta":{"_acf_changed":false},"product_brand":[],"product_cat":[52],"product_tag":[],"class_list":{"0":"post-502","1":"product","2":"type-product","3":"status-publish","4":"has-post-thumbnail","6":"product_cat-custom-flanges","8":"first","9":"instock","10":"shipping-taxable","11":"purchasable","12":"product-type-simple"},"acf":[],"_links":{"self":[{"href":"https:\/\/www.songhaiflange.com\/es\/wp-json\/wp\/v2\/product\/502","targetHints":{"allow":["GET"]}}],"collection":[{"href":"https:\/\/www.songhaiflange.com\/es\/wp-json\/wp\/v2\/product"}],"about":[{"href":"https:\/\/www.songhaiflange.com\/es\/wp-json\/wp\/v2\/types\/product"}],"wp:featuredmedia":[{"embeddable":true,"href":"https:\/\/www.songhaiflange.com\/es\/wp-json\/wp\/v2\/media\/512"}],"wp:attachment":[{"href":"https:\/\/www.songhaiflange.com\/es\/wp-json\/wp\/v2\/media?parent=502"}],"wp:term":[{"taxonomy":"product_brand","embeddable":true,"href":"https:\/\/www.songhaiflange.com\/es\/wp-json\/wp\/v2\/product_brand?post=502"},{"taxonomy":"product_cat","embeddable":true,"href":"https:\/\/www.songhaiflange.com\/es\/wp-json\/wp\/v2\/product_cat?post=502"},{"taxonomy":"product_tag","embeddable":true,"href":"https:\/\/www.songhaiflange.com\/es\/wp-json\/wp\/v2\/product_tag?post=502"}],"curies":[{"name":"wp","href":"https:\/\/api.w.org\/{rel}","templated":true}]}}