{"id":521,"date":"2025-11-17T04:40:19","date_gmt":"2025-11-17T04:40:19","guid":{"rendered":"http:\/\/www.songhaiflange.com\/?post_type=product&#038;p=521"},"modified":"2025-11-17T04:40:19","modified_gmt":"2025-11-17T04:40:19","slug":"Filter-element-accessories","status":"publish","type":"product","link":"https:\/\/www.songhaiflange.com\/es\/product\/Filter-element-accessories\/","title":{"rendered":"Accesorios del elemento filtrante"},"content":{"rendered":"<div class=\"goods_description_btm editor-box\">\n<p>Los accesorios de los elementos filtrantes desempe\u00f1an un papel importante en la industria de la filtraci\u00f3n, y su composici\u00f3n estructural, su papel funcional y su variedad constituyen un sistema de filtraci\u00f3n completo.<\/p>\n<\/p><\/div>","protected":false},"excerpt":{"rendered":"<div class=\"goods_info_group\">\n<div class=\"goods_info_item\">\n<div class=\"goods_info_item_title\">INTRO<\/div>\n<div class=\"goods_info_item_text\">En las aplicaciones pr\u00e1cticas, es necesario seleccionar el elemento filtrante adecuado y sus accesorios en funci\u00f3n de las necesidades y escenarios espec\u00edficos de filtraci\u00f3n.<\/div>\n<\/p><\/div>\n<div class=\"goods_info_item\">\n<div class=\"goods_info_item_title\"><\/div>\n<div class=\"goods_info_item_text\"><\/div>\n<\/p><\/div>\n<\/p><\/div>","protected":false},"featured_media":522,"comment_status":"open","ping_status":"closed","template":"","meta":{"_acf_changed":false},"product_brand":[],"product_cat":[17],"product_tag":[],"class_list":{"0":"post-521","1":"product","2":"type-product","3":"status-publish","4":"has-post-thumbnail","6":"product_cat-filter-flange-and-filter-element-accessories-series","8":"first","9":"instock","10":"shipping-taxable","11":"purchasable","12":"product-type-simple"},"acf":[],"_links":{"self":[{"href":"https:\/\/www.songhaiflange.com\/es\/wp-json\/wp\/v2\/product\/521","targetHints":{"allow":["GET"]}}],"collection":[{"href":"https:\/\/www.songhaiflange.com\/es\/wp-json\/wp\/v2\/product"}],"about":[{"href":"https:\/\/www.songhaiflange.com\/es\/wp-json\/wp\/v2\/types\/product"}],"replies":[{"embeddable":true,"href":"https:\/\/www.songhaiflange.com\/es\/wp-json\/wp\/v2\/comments?post=521"}],"wp:featuredmedia":[{"embeddable":true,"href":"https:\/\/www.songhaiflange.com\/es\/wp-json\/wp\/v2\/media\/522"}],"wp:attachment":[{"href":"https:\/\/www.songhaiflange.com\/es\/wp-json\/wp\/v2\/media?parent=521"}],"wp:term":[{"taxonomy":"product_brand","embeddable":true,"href":"https:\/\/www.songhaiflange.com\/es\/wp-json\/wp\/v2\/product_brand?post=521"},{"taxonomy":"product_cat","embeddable":true,"href":"https:\/\/www.songhaiflange.com\/es\/wp-json\/wp\/v2\/product_cat?post=521"},{"taxonomy":"product_tag","embeddable":true,"href":"https:\/\/www.songhaiflange.com\/es\/wp-json\/wp\/v2\/product_tag?post=521"}],"curies":[{"name":"wp","href":"https:\/\/api.w.org\/{rel}","templated":true}]}}