{"id":527,"date":"2025-11-17T04:42:12","date_gmt":"2025-11-17T04:42:12","guid":{"rendered":"http:\/\/www.songhaiflange.com\/?post_type=product&#038;p=527"},"modified":"2025-11-17T01:24:49","modified_gmt":"2025-11-17T06:24:49","slug":"weldolet","status":"publish","type":"product","link":"https:\/\/www.songhaiflange.com\/es\/product\/weldolet\/","title":{"rendered":"Weldolet"},"content":{"rendered":"<div class=\"goods_description_btm editor-box\">\n<p>El weldolet es un accesorio esencial de conexi\u00f3n de ramales dise\u00f1ado para sistemas de tuber\u00edas, que permite una conexi\u00f3n sin juntas de 90 grados entre una tuber\u00eda principal y un ramal m\u00e1s peque\u00f1o. Con extremos biselados para facilitar la soldadura a tope, los weldolets garantizan uniones resistentes y estancas a la vez que minimizan las concentraciones de tensiones.<\/p>\n<p>Son compatibles con diversos materiales, incluidos el acero al carbono y el acero inoxidable, lo que las hace ideales para aplicaciones de alta presi\u00f3n. Se utilizan habitualmente en industrias como la del petr\u00f3leo y el gas, el procesamiento qu\u00edmico y el tratamiento de aguas,<\/p>\n<p>Los Weldolets mejoran la eficiencia del flujo de fluidos y reducen las turbulencias, proporcionando una soluci\u00f3n fiable para diversas necesidades de tuber\u00edas. Elija Weldolets para obtener durabilidad y un rendimiento \u00f3ptimo en sus proyectos.<\/p>\n<h2 class=\"wp-block-heading\"><strong>\u00bfPor qu\u00e9 elegirnos?<\/strong><\/h2>\n<ul class=\"wp-block-list\">\n<li><strong>Dise\u00f1os a medida<\/strong>: Estamos especializados en la creaci\u00f3n de weldolets personalizados que satisfagan los requisitos espec\u00edficos del cliente, garantizando un ajuste y un rendimiento \u00f3ptimos para diversos sistemas de tuber\u00edas.<\/li>\n<li><strong>Diversa selecci\u00f3n de materiales<\/strong>: Nuestros weldolets est\u00e1n disponibles en una amplia gama de materiales, como acero al carbono, acero inoxidable y aleaciones de n\u00edquel, lo que nos permite responder a diferentes condiciones ambientales y necesidades de aplicaci\u00f3n.<\/li>\n<li><strong>Ingenier\u00eda de precisi\u00f3n<\/strong>: Nuestro experimentado equipo de ingenieros emplea t\u00e9cnicas de fabricaci\u00f3n avanzadas para garantizar que cada weldolet se produzca con dimensiones y tolerancias precisas, mejorando la fiabilidad y el rendimiento.<\/li>\n<li><strong>Creaci\u00f3n r\u00e1pida de prototipos y producci\u00f3n<\/strong>: Ofrecemos plazos de entrega r\u00e1pidos para prototipos y series de producci\u00f3n, lo que permite a los clientes agilizar sus proyectos y minimizar los tiempos de inactividad.<\/li>\n<li><strong>Garant\u00eda de calidad<\/strong>: Nuestros procesos de fabricaci\u00f3n se rigen por estrictas normas de control de calidad, lo que garantiza que cada weldolet personalizado cumpla la normativa del sector y funcione de forma fiable en entornos exigentes.<\/li>\n<li><strong>Aplicaciones vers\u00e1tiles<\/strong>: Nuestros weldolets personalizados son adecuados para diversas industrias, como la del petr\u00f3leo y el gas, la de procesamiento qu\u00edmico y la de tratamiento de aguas, lo que demuestra nuestra capacidad para satisfacer las diversas necesidades de los clientes en m\u00faltiples sectores.<\/li>\n<\/ul>\n<h2 class=\"wp-block-heading\"><strong>Preguntas m\u00e1s frecuentes (FAQ)<\/strong><\/h2>\n<details class=\"wp-block-details is-layout-flow wp-block-details-is-layout-flow\">\n<summary>\u00bfC\u00f3mo se instala un weldolet?<\/summary>\n<p>Un weldolet se instala preparando primero la tuber\u00eda principal con un extremo biselado. A continuaci\u00f3n, el weldolet se suelda a tope en la tuber\u00eda principal y, seguidamente, se conecta la tuber\u00eda de derivaci\u00f3n mediante una junta roscada o soldada, lo que garantiza una conexi\u00f3n segura y fiable.<\/p>\n<\/details>\n<details class=\"wp-block-details is-layout-flow wp-block-details-is-layout-flow\">\n<summary>\u00bfCu\u00e1les son las ventajas de utilizar un weldolet?<\/summary>\n<p>Los Weldolets ofrecen varias ventajas, como la reducci\u00f3n de la concentraci\u00f3n de tensiones, la mejora de la eficacia del flujo y un dise\u00f1o compacto. Facilitan la instalaci\u00f3n en comparaci\u00f3n con las tes tradicionales y minimizan las turbulencias en el flujo de fluidos, por lo que son ideales para aplicaciones de alta presi\u00f3n.<\/p>\n<\/details>\n<details class=\"wp-block-details is-layout-flow wp-block-details-is-layout-flow\">\n<summary>\u00bfSe pueden personalizar los weldolets?<\/summary>\n<p>S\u00ed, los weldolets pueden personalizarse para satisfacer requisitos de aplicaci\u00f3n espec\u00edficos, incluidos el tama\u00f1o, el material y las caracter\u00edsticas de dise\u00f1o. La personalizaci\u00f3n garantiza un ajuste y un rendimiento \u00f3ptimos en diversos sistemas de tuber\u00edas, lo que permite encontrar soluciones a medida para los retos espec\u00edficos a los que se enfrentan los clientes.<\/p>\n<\/details>\n<\/div>","protected":false},"excerpt":{"rendered":"<div class=\"goods_info_group\">\n<div class=\"goods_info_item\">\n<div class=\"goods_info_item_title\">INTRO<\/div>\n<div class=\"goods_info_item_text\">Weldolet, thredolet u olet es un componente mec\u00e1nico especial que tiene tanto una funci\u00f3n de soporte de carga similar a un cojinete como una funci\u00f3n de direcci\u00f3n similar a una junta universal. Se utiliza ampliamente en transmisiones mec\u00e1nicas, autom\u00f3viles, barcos, generaci\u00f3n de energ\u00eda e\u00f3lica y otros campos, y puede satisfacer los requisitos de precisi\u00f3n de transmisi\u00f3n, durabilidad y adaptabilidad.<\/div>\n<\/div>\n<div class=\"goods_info_item\">\n<div class=\"goods_info_item_title\"><\/div>\n<div class=\"goods_info_item_text\">Material\uff1a<br \/>\n304\uff1aF304 S30408 S30408II S30408III S30400<br \/>\n304L\uff1aS30403 S30403II 30403 30403II<br \/>\n316L\uff1a31603 31603II 31603III<br \/>\n2507\uff08F53\uff09<br \/>\n2205\uff08F51\uff09<br \/>\nTP310S\uff0806Cr5Ni20\uff09<br \/>\nTP321\uff0806Cr18Ni11\uff09<br \/>\nS22053III=2205III<br \/>\nT321-32168=321<\/div>\n<\/div>\n<\/div>","protected":false},"featured_media":528,"template":"","meta":{"_acf_changed":false},"product_brand":[],"product_cat":[25],"product_tag":[],"class_list":{"0":"post-527","1":"product","2":"type-product","3":"status-publish","4":"has-post-thumbnail","6":"product_cat-instrument-flange-series","8":"first","9":"instock","10":"shipping-taxable","11":"purchasable","12":"product-type-simple"},"acf":[],"_links":{"self":[{"href":"https:\/\/www.songhaiflange.com\/es\/wp-json\/wp\/v2\/product\/527","targetHints":{"allow":["GET"]}}],"collection":[{"href":"https:\/\/www.songhaiflange.com\/es\/wp-json\/wp\/v2\/product"}],"about":[{"href":"https:\/\/www.songhaiflange.com\/es\/wp-json\/wp\/v2\/types\/product"}],"wp:featuredmedia":[{"embeddable":true,"href":"https:\/\/www.songhaiflange.com\/es\/wp-json\/wp\/v2\/media\/528"}],"wp:attachment":[{"href":"https:\/\/www.songhaiflange.com\/es\/wp-json\/wp\/v2\/media?parent=527"}],"wp:term":[{"taxonomy":"product_brand","embeddable":true,"href":"https:\/\/www.songhaiflange.com\/es\/wp-json\/wp\/v2\/product_brand?post=527"},{"taxonomy":"product_cat","embeddable":true,"href":"https:\/\/www.songhaiflange.com\/es\/wp-json\/wp\/v2\/product_cat?post=527"},{"taxonomy":"product_tag","embeddable":true,"href":"https:\/\/www.songhaiflange.com\/es\/wp-json\/wp\/v2\/product_tag?post=527"}],"curies":[{"name":"wp","href":"https:\/\/api.w.org\/{rel}","templated":true}]}}