{"id":529,"date":"2025-11-17T04:42:15","date_gmt":"2025-11-17T04:42:15","guid":{"rendered":"http:\/\/www.songhaiflange.com\/?post_type=product&#038;p=529"},"modified":"2025-11-17T04:42:15","modified_gmt":"2025-11-17T04:42:15","slug":"Butterfly-head","status":"publish","type":"product","link":"https:\/\/www.songhaiflange.com\/es\/product\/Butterfly-head\/","title":{"rendered":"Cabeza de mariposa"},"content":{"rendered":"<div class=\"goods_description_btm editor-box\">\n<p>La cabeza de mariposa es una cabeza con una forma especial que se utiliza para conexiones de tuber\u00edas, normalmente para v\u00e1lvulas, bombas y conexiones de sistemas de tuber\u00edas. Su forma se asemeja a la de una mariposa que despliega sus alas, de ah\u00ed el nombre de cabeza de mariposa.<\/p>\n<\/p><\/div>","protected":false},"excerpt":{"rendered":"<div class=\"goods_info_group\">\n<div class=\"goods_info_item\">\n<div class=\"goods_info_item_title\">INTRO<\/div>\n<div class=\"goods_info_item_text\">La funci\u00f3n principal de la cabeza de mariposa es conectar las tuber\u00edas o equipos en el sistema de tuber\u00edas para lograr el funcionamiento normal del sistema de tuber\u00edas. La cabeza de mariposa se puede seleccionar en diferentes materiales y especificaciones de acuerdo con los requisitos de la tuber\u00eda para garantizar la estanqueidad y la estabilidad de la conexi\u00f3n de la tuber\u00eda. Al mismo tiempo, la cabeza de mariposa tambi\u00e9n puede realizar el r\u00e1pido desmontaje e instalaci\u00f3n del sistema de tuber\u00edas, que es conveniente para el mantenimiento y reparaci\u00f3n.<\/div>\n<\/p><\/div>\n<div class=\"goods_info_item\">\n<div class=\"goods_info_item_title\"><\/div>\n<div class=\"goods_info_item_text\"><\/div>\n<\/p><\/div>\n<\/p><\/div>","protected":false},"featured_media":530,"template":"","meta":{"_acf_changed":false},"product_brand":[],"product_cat":[25],"product_tag":[],"class_list":{"0":"post-529","1":"product","2":"type-product","3":"status-publish","4":"has-post-thumbnail","6":"product_cat-instrument-flange-series","8":"first","9":"instock","10":"shipping-taxable","11":"purchasable","12":"product-type-simple"},"acf":[],"_links":{"self":[{"href":"https:\/\/www.songhaiflange.com\/es\/wp-json\/wp\/v2\/product\/529","targetHints":{"allow":["GET"]}}],"collection":[{"href":"https:\/\/www.songhaiflange.com\/es\/wp-json\/wp\/v2\/product"}],"about":[{"href":"https:\/\/www.songhaiflange.com\/es\/wp-json\/wp\/v2\/types\/product"}],"wp:featuredmedia":[{"embeddable":true,"href":"https:\/\/www.songhaiflange.com\/es\/wp-json\/wp\/v2\/media\/530"}],"wp:attachment":[{"href":"https:\/\/www.songhaiflange.com\/es\/wp-json\/wp\/v2\/media?parent=529"}],"wp:term":[{"taxonomy":"product_brand","embeddable":true,"href":"https:\/\/www.songhaiflange.com\/es\/wp-json\/wp\/v2\/product_brand?post=529"},{"taxonomy":"product_cat","embeddable":true,"href":"https:\/\/www.songhaiflange.com\/es\/wp-json\/wp\/v2\/product_cat?post=529"},{"taxonomy":"product_tag","embeddable":true,"href":"https:\/\/www.songhaiflange.com\/es\/wp-json\/wp\/v2\/product_tag?post=529"}],"curies":[{"name":"wp","href":"https:\/\/api.w.org\/{rel}","templated":true}]}}