{"id":549,"date":"2025-11-17T04:46:58","date_gmt":"2025-11-17T04:46:58","guid":{"rendered":"http:\/\/www.songhaiflange.com\/?post_type=product&#038;p=549"},"modified":"2025-11-17T04:46:58","modified_gmt":"2025-11-17T04:46:58","slug":"Rubber-Soft-Connection","status":"publish","type":"product","link":"https:\/\/www.songhaiflange.com\/es\/product\/Rubber-Soft-Connection\/","title":{"rendered":"Conexi\u00f3n blanda de goma"},"content":{"rendered":"<div class=\"goods_description_btm editor-box\">\n<p>Una conexi\u00f3n suave de brida es una forma de conectar diferentes piezas de equipo. Suele utilizarse para conectar equipos rotativos a sistemas est\u00e1ticos u otros equipos rotativos. La conexi\u00f3n blanda de brida consiste en una pieza blanda entre dos bridas. Esto ayuda a reducir el esfuerzo de flexi\u00f3n y el esfuerzo de vibraci\u00f3n. Tambi\u00e9n mejora la capacidad del sistema para absorber vibraciones y reducir los niveles de ruido.<\/p>\n<\/p><\/div>","protected":false},"excerpt":{"rendered":"<div class=\"goods_info_group\">\n<div class=\"goods_info_item\">\n<div class=\"goods_info_item_title\">INTRO<\/div>\n<div class=\"goods_info_item_text\">Una conexi\u00f3n suave de brida es una forma de conectar diferentes piezas de equipo. Suele utilizarse para conectar equipos rotativos a sistemas est\u00e1ticos u otros equipos rotativos. La conexi\u00f3n blanda de brida consiste en una pieza blanda entre dos bridas. Esto ayuda a reducir el esfuerzo de flexi\u00f3n y el esfuerzo de vibraci\u00f3n. Tambi\u00e9n mejora la capacidad del sistema para absorber vibraciones y reducir los niveles de ruido.<\/div>\n<\/p><\/div>\n<div class=\"goods_info_item\">\n<div class=\"goods_info_item_title\"><\/div>\n<div class=\"goods_info_item_text\"><\/div>\n<\/p><\/div>\n<\/p><\/div>","protected":false},"featured_media":550,"comment_status":"open","ping_status":"closed","template":"","meta":{"_acf_changed":false},"product_brand":[],"product_cat":[42],"product_tag":[],"class_list":{"0":"post-549","1":"product","2":"type-product","3":"status-publish","4":"has-post-thumbnail","6":"product_cat-soft-connection-flanges","8":"first","9":"instock","10":"shipping-taxable","11":"purchasable","12":"product-type-simple"},"acf":[],"_links":{"self":[{"href":"https:\/\/www.songhaiflange.com\/es\/wp-json\/wp\/v2\/product\/549","targetHints":{"allow":["GET"]}}],"collection":[{"href":"https:\/\/www.songhaiflange.com\/es\/wp-json\/wp\/v2\/product"}],"about":[{"href":"https:\/\/www.songhaiflange.com\/es\/wp-json\/wp\/v2\/types\/product"}],"replies":[{"embeddable":true,"href":"https:\/\/www.songhaiflange.com\/es\/wp-json\/wp\/v2\/comments?post=549"}],"wp:featuredmedia":[{"embeddable":true,"href":"https:\/\/www.songhaiflange.com\/es\/wp-json\/wp\/v2\/media\/550"}],"wp:attachment":[{"href":"https:\/\/www.songhaiflange.com\/es\/wp-json\/wp\/v2\/media?parent=549"}],"wp:term":[{"taxonomy":"product_brand","embeddable":true,"href":"https:\/\/www.songhaiflange.com\/es\/wp-json\/wp\/v2\/product_brand?post=549"},{"taxonomy":"product_cat","embeddable":true,"href":"https:\/\/www.songhaiflange.com\/es\/wp-json\/wp\/v2\/product_cat?post=549"},{"taxonomy":"product_tag","embeddable":true,"href":"https:\/\/www.songhaiflange.com\/es\/wp-json\/wp\/v2\/product_tag?post=549"}],"curies":[{"name":"wp","href":"https:\/\/api.w.org\/{rel}","templated":true}]}}