{"id":553,"date":"2025-11-17T04:47:59","date_gmt":"2025-11-17T04:47:59","guid":{"rendered":"http:\/\/www.songhaiflange.com\/?post_type=product&#038;p=553"},"modified":"2025-11-17T04:47:59","modified_gmt":"2025-11-17T04:47:59","slug":"Variable-Diameter-Non-standard-Flange","status":"publish","type":"product","link":"https:\/\/www.songhaiflange.com\/es\/product\/Variable-Diameter-Non-standard-Flange\/","title":{"rendered":"Brida no est\u00e1ndar de di\u00e1metro variable"},"content":{"rendered":"<div class=\"goods_description_btm editor-box\">\n<p>Los productos personalizados son art\u00edculos fabricados para satisfacer necesidades espec\u00edficas de los clientes. Pueden diferir de los productos est\u00e1ndar fabricados en serie en cuanto a especificaciones, cantidad, color, olor, envasado y etiquetado.<\/p>\n<\/p><\/div>","protected":false},"excerpt":{"rendered":"<div class=\"goods_info_group\">\n<div class=\"goods_info_item\">\n<div class=\"goods_info_item_title\">INTRO<\/div>\n<div class=\"goods_info_item_text\">Los productos personalizados son art\u00edculos fabricados para satisfacer necesidades espec\u00edficas de los clientes. Pueden diferir de los productos est\u00e1ndar fabricados en serie en cuanto a especificaciones, cantidad, color, olor, envasado y etiquetado.<\/div>\n<\/p><\/div>\n<div class=\"goods_info_item\">\n<div class=\"goods_info_item_title\"><\/div>\n<div class=\"goods_info_item_text\"><\/div>\n<\/p><\/div>\n<\/p><\/div>","protected":false},"featured_media":554,"comment_status":"open","ping_status":"closed","template":"","meta":{"_acf_changed":false},"product_brand":[],"product_cat":[43],"product_tag":[],"class_list":{"0":"post-553","1":"product","2":"type-product","3":"status-publish","4":"has-post-thumbnail","6":"product_cat-non-standard-series","8":"first","9":"instock","10":"shipping-taxable","11":"purchasable","12":"product-type-simple"},"acf":[],"_links":{"self":[{"href":"https:\/\/www.songhaiflange.com\/es\/wp-json\/wp\/v2\/product\/553","targetHints":{"allow":["GET"]}}],"collection":[{"href":"https:\/\/www.songhaiflange.com\/es\/wp-json\/wp\/v2\/product"}],"about":[{"href":"https:\/\/www.songhaiflange.com\/es\/wp-json\/wp\/v2\/types\/product"}],"replies":[{"embeddable":true,"href":"https:\/\/www.songhaiflange.com\/es\/wp-json\/wp\/v2\/comments?post=553"}],"wp:featuredmedia":[{"embeddable":true,"href":"https:\/\/www.songhaiflange.com\/es\/wp-json\/wp\/v2\/media\/554"}],"wp:attachment":[{"href":"https:\/\/www.songhaiflange.com\/es\/wp-json\/wp\/v2\/media?parent=553"}],"wp:term":[{"taxonomy":"product_brand","embeddable":true,"href":"https:\/\/www.songhaiflange.com\/es\/wp-json\/wp\/v2\/product_brand?post=553"},{"taxonomy":"product_cat","embeddable":true,"href":"https:\/\/www.songhaiflange.com\/es\/wp-json\/wp\/v2\/product_cat?post=553"},{"taxonomy":"product_tag","embeddable":true,"href":"https:\/\/www.songhaiflange.com\/es\/wp-json\/wp\/v2\/product_tag?post=553"}],"curies":[{"name":"wp","href":"https:\/\/api.w.org\/{rel}","templated":true}]}}