{"id":557,"date":"2025-11-17T04:50:25","date_gmt":"2025-11-17T04:50:25","guid":{"rendered":"http:\/\/www.songhaiflange.com\/?post_type=product&#038;p=557"},"modified":"2025-11-17T04:50:25","modified_gmt":"2025-11-17T04:50:25","slug":"Sealing-ring","status":"publish","type":"product","link":"https:\/\/www.songhaiflange.com\/es\/product\/Sealing-ring\/","title":{"rendered":"Junta de estanqueidad"},"content":{"rendered":"<div class=\"goods_description_btm editor-box\">\n<p>El anillo de estanqueidad impide eficazmente que el l\u00edquido o el gas se filtren de una parte a otra del sistema. En un sistema de transporte, un anillo de estanqueidad rellena el hueco entre dos componentes para evitar la fuga de l\u00edquido o gas. Si el anillo de sellado no es adecuado o est\u00e1 da\u00f1ado, provocar\u00e1 p\u00e9rdidas de producto y contaminaci\u00f3n medioambiental.<\/p>\n<\/p><\/div>","protected":false},"excerpt":{"rendered":"<div class=\"goods_info_group\">\n<div class=\"goods_info_item\">\n<div class=\"goods_info_item_title\">INTRO<\/div>\n<div class=\"goods_info_item_text\">El anillo de estanqueidad impide la entrada de contaminantes externos en el sistema, protegiendo as\u00ed los componentes internos de posibles da\u00f1os. Sin la protecci\u00f3n del anillo de sellado, los contaminantes externos pueden entrar en el sistema, provocando desgaste y da\u00f1os en los componentes internos.<\/div>\n<\/p><\/div>\n<div class=\"goods_info_item\">\n<div class=\"goods_info_item_title\"><\/div>\n<div class=\"goods_info_item_text\"><\/div>\n<\/p><\/div>\n<\/p><\/div>","protected":false},"featured_media":558,"comment_status":"open","ping_status":"closed","template":"","meta":{"_acf_changed":false},"product_brand":[],"product_cat":[44],"product_tag":[],"class_list":{"0":"post-557","1":"product","2":"type-product","3":"status-publish","4":"has-post-thumbnail","6":"product_cat-customized-products","8":"first","9":"instock","10":"shipping-taxable","11":"purchasable","12":"product-type-simple"},"acf":[],"_links":{"self":[{"href":"https:\/\/www.songhaiflange.com\/es\/wp-json\/wp\/v2\/product\/557","targetHints":{"allow":["GET"]}}],"collection":[{"href":"https:\/\/www.songhaiflange.com\/es\/wp-json\/wp\/v2\/product"}],"about":[{"href":"https:\/\/www.songhaiflange.com\/es\/wp-json\/wp\/v2\/types\/product"}],"replies":[{"embeddable":true,"href":"https:\/\/www.songhaiflange.com\/es\/wp-json\/wp\/v2\/comments?post=557"}],"wp:featuredmedia":[{"embeddable":true,"href":"https:\/\/www.songhaiflange.com\/es\/wp-json\/wp\/v2\/media\/558"}],"wp:attachment":[{"href":"https:\/\/www.songhaiflange.com\/es\/wp-json\/wp\/v2\/media?parent=557"}],"wp:term":[{"taxonomy":"product_brand","embeddable":true,"href":"https:\/\/www.songhaiflange.com\/es\/wp-json\/wp\/v2\/product_brand?post=557"},{"taxonomy":"product_cat","embeddable":true,"href":"https:\/\/www.songhaiflange.com\/es\/wp-json\/wp\/v2\/product_cat?post=557"},{"taxonomy":"product_tag","embeddable":true,"href":"https:\/\/www.songhaiflange.com\/es\/wp-json\/wp\/v2\/product_tag?post=557"}],"curies":[{"name":"wp","href":"https:\/\/api.w.org\/{rel}","templated":true}]}}