{"id":561,"date":"2025-11-17T04:50:31","date_gmt":"2025-11-17T04:50:31","guid":{"rendered":"http:\/\/www.songhaiflange.com\/?post_type=product&#038;p=561"},"modified":"2025-11-17T04:50:31","modified_gmt":"2025-11-17T04:50:31","slug":"Observation-Window-Cover","status":"publish","type":"product","link":"https:\/\/www.songhaiflange.com\/es\/product\/Observation-Window-Cover\/","title":{"rendered":"Cubierta de la ventana de observaci\u00f3n"},"content":{"rendered":"<div class=\"goods_description_btm editor-box\">\n<p>Los productos personalizados son art\u00edculos fabricados para satisfacer necesidades espec\u00edficas de los clientes. Pueden diferir de los productos est\u00e1ndar fabricados en serie en cuanto a especificaciones, cantidad, color, olor, envasado y etiquetado.<\/p>\n<\/p><\/div>","protected":false},"excerpt":{"rendered":"<div class=\"goods_info_group\">\n<div class=\"goods_info_item\">\n<div class=\"goods_info_item_title\">INTRO<\/div>\n<div class=\"goods_info_item_text\">Los productos personalizados son art\u00edculos fabricados para satisfacer necesidades espec\u00edficas de los clientes. Pueden diferir de los productos est\u00e1ndar fabricados en serie en cuanto a especificaciones, cantidad, color, olor, envasado y etiquetado.<\/div>\n<\/p><\/div>\n<div class=\"goods_info_item\">\n<div class=\"goods_info_item_title\"><\/div>\n<div class=\"goods_info_item_text\"><\/div>\n<\/p><\/div>\n<\/p><\/div>","protected":false},"featured_media":562,"template":"","meta":{"_acf_changed":false},"product_brand":[],"product_cat":[44],"product_tag":[],"class_list":{"0":"post-561","1":"product","2":"type-product","3":"status-publish","4":"has-post-thumbnail","6":"product_cat-customized-products","8":"first","9":"instock","10":"shipping-taxable","11":"purchasable","12":"product-type-simple"},"acf":[],"_links":{"self":[{"href":"https:\/\/www.songhaiflange.com\/es\/wp-json\/wp\/v2\/product\/561","targetHints":{"allow":["GET"]}}],"collection":[{"href":"https:\/\/www.songhaiflange.com\/es\/wp-json\/wp\/v2\/product"}],"about":[{"href":"https:\/\/www.songhaiflange.com\/es\/wp-json\/wp\/v2\/types\/product"}],"wp:featuredmedia":[{"embeddable":true,"href":"https:\/\/www.songhaiflange.com\/es\/wp-json\/wp\/v2\/media\/562"}],"wp:attachment":[{"href":"https:\/\/www.songhaiflange.com\/es\/wp-json\/wp\/v2\/media?parent=561"}],"wp:term":[{"taxonomy":"product_brand","embeddable":true,"href":"https:\/\/www.songhaiflange.com\/es\/wp-json\/wp\/v2\/product_brand?post=561"},{"taxonomy":"product_cat","embeddable":true,"href":"https:\/\/www.songhaiflange.com\/es\/wp-json\/wp\/v2\/product_cat?post=561"},{"taxonomy":"product_tag","embeddable":true,"href":"https:\/\/www.songhaiflange.com\/es\/wp-json\/wp\/v2\/product_tag?post=561"}],"curies":[{"name":"wp","href":"https:\/\/api.w.org\/{rel}","templated":true}]}}