{"id":650,"date":"2025-12-04T02:29:59","date_gmt":"2025-12-04T07:29:59","guid":{"rendered":"https:\/\/www.songhaiflange.com\/?post_type=product&#038;p=650"},"modified":"2025-12-04T02:29:59","modified_gmt":"2025-12-04T07:29:59","slug":"flat-welding-flange","status":"publish","type":"product","link":"https:\/\/www.songhaiflange.com\/es\/product\/flat-welding-flange\/","title":{"rendered":"Brida plana de soldadura"},"content":{"rendered":"","protected":false},"excerpt":{"rendered":"<div>Material del producto: S30408\/S31603\/S22053\/S31008\/904L\/Titanio\/Hastelloy y otros materiales especiales.<\/div>\n<div><\/div>\n<div>Calibre del producto: 1\/2\"~240\" (DN15mm-DN6000mm)<\/div>\n<div><\/div>\n<div>Caracter\u00edsticas del producto: Alta dureza, no se corroe ni deforma f\u00e1cilmente.<\/div>\n<div><\/div>\n<div>Especificaciones del producto: Especificaciones completas y personalizaci\u00f3n del soporte.<\/div>\n<div><\/div>\n<div>Aplicaci\u00f3n: El producto se utiliza ampliamente en industrias de ingenier\u00eda como la farmac\u00e9utica, petrolera, qu\u00edmica, alimentaria, metal\u00fargica, de construcci\u00f3n y energ\u00e9tica.<\/div>","protected":false},"featured_media":651,"comment_status":"closed","ping_status":"closed","template":"","meta":{"_acf_changed":false},"product_brand":[],"product_cat":[15,51],"product_tag":[],"class_list":{"0":"post-650","1":"product","2":"type-product","3":"status-publish","4":"has-post-thumbnail","6":"product_cat-pressure-vessel-flange-series","7":"product_cat-blind-flanges","9":"first","10":"instock","11":"shipping-taxable","12":"product-type-simple"},"acf":[],"_links":{"self":[{"href":"https:\/\/www.songhaiflange.com\/es\/wp-json\/wp\/v2\/product\/650","targetHints":{"allow":["GET"]}}],"collection":[{"href":"https:\/\/www.songhaiflange.com\/es\/wp-json\/wp\/v2\/product"}],"about":[{"href":"https:\/\/www.songhaiflange.com\/es\/wp-json\/wp\/v2\/types\/product"}],"replies":[{"embeddable":true,"href":"https:\/\/www.songhaiflange.com\/es\/wp-json\/wp\/v2\/comments?post=650"}],"wp:featuredmedia":[{"embeddable":true,"href":"https:\/\/www.songhaiflange.com\/es\/wp-json\/wp\/v2\/media\/651"}],"wp:attachment":[{"href":"https:\/\/www.songhaiflange.com\/es\/wp-json\/wp\/v2\/media?parent=650"}],"wp:term":[{"taxonomy":"product_brand","embeddable":true,"href":"https:\/\/www.songhaiflange.com\/es\/wp-json\/wp\/v2\/product_brand?post=650"},{"taxonomy":"product_cat","embeddable":true,"href":"https:\/\/www.songhaiflange.com\/es\/wp-json\/wp\/v2\/product_cat?post=650"},{"taxonomy":"product_tag","embeddable":true,"href":"https:\/\/www.songhaiflange.com\/es\/wp-json\/wp\/v2\/product_tag?post=650"}],"curies":[{"name":"wp","href":"https:\/\/api.w.org\/{rel}","templated":true}]}}