{"id":658,"date":"2025-12-04T02:35:30","date_gmt":"2025-12-04T07:35:30","guid":{"rendered":"https:\/\/www.songhaiflange.com\/?post_type=product&#038;p=658"},"modified":"2025-12-04T03:30:00","modified_gmt":"2025-12-04T08:30:00","slug":"rubber-flexible-joint-flange","status":"publish","type":"product","link":"https:\/\/www.songhaiflange.com\/es\/product\/rubber-flexible-joint-flange\/","title":{"rendered":"Brida de junta flexible de goma"},"content":{"rendered":"","protected":false},"excerpt":{"rendered":"<div>Material del producto: S30408\/S31603\/S22053\/S31008\/904L\/Titanio\/Hastelloy y otros materiales especiales.<\/div>\n<div><\/div>\n<div>Calibre del producto: 1\/2\"~240\" (DN15mm-DN6000mm)<\/div>\n<div><\/div>\n<div>Caracter\u00edsticas del producto: Alta dureza, no se corroe ni deforma f\u00e1cilmente.<\/div>\n<div><\/div>\n<div>Especificaciones del producto: Especificaciones completas y personalizaci\u00f3n del soporte.<\/div>\n<div><\/div>\n<div>Aplicaci\u00f3n: El producto se utiliza ampliamente en industrias de ingenier\u00eda como la farmac\u00e9utica, petrolera, qu\u00edmica, alimentaria, metal\u00fargica, de construcci\u00f3n y energ\u00e9tica.<\/div>","protected":false},"featured_media":659,"comment_status":"closed","ping_status":"closed","template":"","meta":{"_acf_changed":false},"product_brand":[],"product_cat":[42,47],"product_tag":[],"class_list":{"0":"post-658","1":"product","2":"type-product","3":"status-publish","4":"has-post-thumbnail","6":"product_cat-soft-connection-flanges","7":"product_cat-weld-neck-flanges","9":"first","10":"instock","11":"shipping-taxable","12":"product-type-simple"},"acf":[],"_links":{"self":[{"href":"https:\/\/www.songhaiflange.com\/es\/wp-json\/wp\/v2\/product\/658","targetHints":{"allow":["GET"]}}],"collection":[{"href":"https:\/\/www.songhaiflange.com\/es\/wp-json\/wp\/v2\/product"}],"about":[{"href":"https:\/\/www.songhaiflange.com\/es\/wp-json\/wp\/v2\/types\/product"}],"replies":[{"embeddable":true,"href":"https:\/\/www.songhaiflange.com\/es\/wp-json\/wp\/v2\/comments?post=658"}],"wp:featuredmedia":[{"embeddable":true,"href":"https:\/\/www.songhaiflange.com\/es\/wp-json\/wp\/v2\/media\/659"}],"wp:attachment":[{"href":"https:\/\/www.songhaiflange.com\/es\/wp-json\/wp\/v2\/media?parent=658"}],"wp:term":[{"taxonomy":"product_brand","embeddable":true,"href":"https:\/\/www.songhaiflange.com\/es\/wp-json\/wp\/v2\/product_brand?post=658"},{"taxonomy":"product_cat","embeddable":true,"href":"https:\/\/www.songhaiflange.com\/es\/wp-json\/wp\/v2\/product_cat?post=658"},{"taxonomy":"product_tag","embeddable":true,"href":"https:\/\/www.songhaiflange.com\/es\/wp-json\/wp\/v2\/product_tag?post=658"}],"curies":[{"name":"wp","href":"https:\/\/api.w.org\/{rel}","templated":true}]}}