{"id":693,"date":"2025-12-04T03:21:14","date_gmt":"2025-12-04T08:21:14","guid":{"rendered":"https:\/\/www.songhaiflange.com\/?post_type=product&#038;p=693"},"modified":"2025-12-04T03:21:15","modified_gmt":"2025-12-04T08:21:15","slug":"porous-plate-flange-2","status":"publish","type":"product","link":"https:\/\/www.songhaiflange.com\/es\/product\/porous-plate-flange-2\/","title":{"rendered":"Brida de placa porosa"},"content":{"rendered":"","protected":false},"excerpt":{"rendered":"<div>Material del producto: S30408\/S31603\/S22053\/S31008\/904L\/Titanio\/Hastelloy y otros materiales especiales.<\/div>\n<div><\/div>\n<div>Calibre del producto: 1\/2\"~240\" (DN15mm-DN6000mm)<\/div>\n<div><\/div>\n<div>Caracter\u00edsticas del producto: Alta dureza, no se corroe ni deforma f\u00e1cilmente.<\/div>\n<div><\/div>\n<div>Especificaciones del producto: Especificaciones completas y personalizaci\u00f3n del soporte.<\/div>\n<div><\/div>\n<div>Aplicaci\u00f3n: El producto se utiliza ampliamente en industrias de ingenier\u00eda como la farmac\u00e9utica, petrolera, qu\u00edmica, alimentaria, metal\u00fargica, de construcci\u00f3n y energ\u00e9tica.<\/div>","protected":false},"featured_media":694,"comment_status":"closed","ping_status":"closed","template":"","meta":{"_acf_changed":false},"product_brand":[],"product_cat":[43],"product_tag":[],"class_list":{"0":"post-693","1":"product","2":"type-product","3":"status-publish","4":"has-post-thumbnail","6":"product_cat-non-standard-series","8":"first","9":"instock","10":"shipping-taxable","11":"product-type-simple"},"acf":[],"_links":{"self":[{"href":"https:\/\/www.songhaiflange.com\/es\/wp-json\/wp\/v2\/product\/693","targetHints":{"allow":["GET"]}}],"collection":[{"href":"https:\/\/www.songhaiflange.com\/es\/wp-json\/wp\/v2\/product"}],"about":[{"href":"https:\/\/www.songhaiflange.com\/es\/wp-json\/wp\/v2\/types\/product"}],"replies":[{"embeddable":true,"href":"https:\/\/www.songhaiflange.com\/es\/wp-json\/wp\/v2\/comments?post=693"}],"wp:featuredmedia":[{"embeddable":true,"href":"https:\/\/www.songhaiflange.com\/es\/wp-json\/wp\/v2\/media\/694"}],"wp:attachment":[{"href":"https:\/\/www.songhaiflange.com\/es\/wp-json\/wp\/v2\/media?parent=693"}],"wp:term":[{"taxonomy":"product_brand","embeddable":true,"href":"https:\/\/www.songhaiflange.com\/es\/wp-json\/wp\/v2\/product_brand?post=693"},{"taxonomy":"product_cat","embeddable":true,"href":"https:\/\/www.songhaiflange.com\/es\/wp-json\/wp\/v2\/product_cat?post=693"},{"taxonomy":"product_tag","embeddable":true,"href":"https:\/\/www.songhaiflange.com\/es\/wp-json\/wp\/v2\/product_tag?post=693"}],"curies":[{"name":"wp","href":"https:\/\/api.w.org\/{rel}","templated":true}]}}