{"id":750,"date":"2025-12-18T23:51:49","date_gmt":"2025-12-19T04:51:49","guid":{"rendered":"https:\/\/www.songhaiflange.com\/?post_type=product&#038;p=750"},"modified":"2025-12-18T23:51:49","modified_gmt":"2025-12-19T04:51:49","slug":"single-square-manhole","status":"publish","type":"product","link":"https:\/\/www.songhaiflange.com\/es\/product\/single-square-manhole\/","title":{"rendered":"Pozo cuadrado simple"},"content":{"rendered":"","protected":false},"excerpt":{"rendered":"<div class=\"desc\">\n<h1 class=\"title\">Pozo cuadrado simple<\/h1>\n<div>Material del producto: S30408\/S31603\/S22053\/S31008\/904L\/Titanio\/Hastelloy y otros materiales especiales.<\/div>\n<div><\/div>\n<div>Calibre del producto: 1\/2\"~240\" (DN15mm-DN6000mm)<\/div>\n<div><\/div>\n<div>Caracter\u00edsticas del producto: Alta dureza, no se corroe ni deforma f\u00e1cilmente.<\/div>\n<div><\/div>\n<div>Especificaciones del producto: Especificaciones completas y personalizaci\u00f3n del soporte.<\/div>\n<div><\/div>\n<div>Aplicaci\u00f3n: El producto se utiliza ampliamente en industrias de ingenier\u00eda como la farmac\u00e9utica, petrolera, qu\u00edmica, alimentaria, metal\u00fargica, de construcci\u00f3n y energ\u00e9tica.<\/div>\n<\/div>\n<div class=\"detail-link\">\n<div class=\"item-text\">\n<div class=\"en\">CONTACTO<\/div>\n<\/div>\n<\/div>","protected":false},"featured_media":751,"comment_status":"closed","ping_status":"closed","template":"","meta":{"_acf_changed":false},"product_brand":[],"product_cat":[65],"product_tag":[],"class_list":{"0":"post-750","1":"product","2":"type-product","3":"status-publish","4":"has-post-thumbnail","6":"product_cat-manhole-series","8":"first","9":"instock","10":"shipping-taxable","11":"product-type-simple"},"acf":[],"_links":{"self":[{"href":"https:\/\/www.songhaiflange.com\/es\/wp-json\/wp\/v2\/product\/750","targetHints":{"allow":["GET"]}}],"collection":[{"href":"https:\/\/www.songhaiflange.com\/es\/wp-json\/wp\/v2\/product"}],"about":[{"href":"https:\/\/www.songhaiflange.com\/es\/wp-json\/wp\/v2\/types\/product"}],"replies":[{"embeddable":true,"href":"https:\/\/www.songhaiflange.com\/es\/wp-json\/wp\/v2\/comments?post=750"}],"wp:featuredmedia":[{"embeddable":true,"href":"https:\/\/www.songhaiflange.com\/es\/wp-json\/wp\/v2\/media\/751"}],"wp:attachment":[{"href":"https:\/\/www.songhaiflange.com\/es\/wp-json\/wp\/v2\/media?parent=750"}],"wp:term":[{"taxonomy":"product_brand","embeddable":true,"href":"https:\/\/www.songhaiflange.com\/es\/wp-json\/wp\/v2\/product_brand?post=750"},{"taxonomy":"product_cat","embeddable":true,"href":"https:\/\/www.songhaiflange.com\/es\/wp-json\/wp\/v2\/product_cat?post=750"},{"taxonomy":"product_tag","embeddable":true,"href":"https:\/\/www.songhaiflange.com\/es\/wp-json\/wp\/v2\/product_tag?post=750"}],"curies":[{"name":"wp","href":"https:\/\/api.w.org\/{rel}","templated":true}]}}