{"id":752,"date":"2025-12-18T23:53:09","date_gmt":"2025-12-19T04:53:09","guid":{"rendered":"https:\/\/www.songhaiflange.com\/?post_type=product&#038;p=752"},"modified":"2025-12-18T23:53:09","modified_gmt":"2025-12-19T04:53:09","slug":"elliptical-atmospheric-manhole","status":"publish","type":"product","link":"https:\/\/www.songhaiflange.com\/es\/product\/elliptical-atmospheric-manhole\/","title":{"rendered":"Pozo atmosf\u00e9rico el\u00edptico"},"content":{"rendered":"","protected":false},"excerpt":{"rendered":"<p>Pozo atmosf\u00e9rico el\u00edptico<br \/>\nMaterial del producto: S30408\/S31603\/S22053\/S31008\/904L\/Titanio\/Hastelloy y otros materiales especiales.<\/p>\n<p>Calibre del producto: 1\/2\"~240\" (DN15mm-DN6000mm)<\/p>\n<p>Caracter\u00edsticas del producto: Alta dureza, no se corroe ni deforma f\u00e1cilmente.<\/p>\n<p>Especificaciones del producto: Especificaciones completas y personalizaci\u00f3n del soporte.<\/p>\n<p>Aplicaci\u00f3n: El producto se utiliza ampliamente en industrias de ingenier\u00eda como la farmac\u00e9utica, petrolera, qu\u00edmica, alimentaria, metal\u00fargica, de construcci\u00f3n y energ\u00e9tica.<br \/>\nCONTACTO<\/p>","protected":false},"featured_media":753,"comment_status":"closed","ping_status":"closed","template":"","meta":{"_acf_changed":false},"product_brand":[],"product_cat":[65],"product_tag":[],"class_list":{"0":"post-752","1":"product","2":"type-product","3":"status-publish","4":"has-post-thumbnail","6":"product_cat-manhole-series","8":"first","9":"instock","10":"shipping-taxable","11":"product-type-simple"},"acf":[],"_links":{"self":[{"href":"https:\/\/www.songhaiflange.com\/es\/wp-json\/wp\/v2\/product\/752","targetHints":{"allow":["GET"]}}],"collection":[{"href":"https:\/\/www.songhaiflange.com\/es\/wp-json\/wp\/v2\/product"}],"about":[{"href":"https:\/\/www.songhaiflange.com\/es\/wp-json\/wp\/v2\/types\/product"}],"replies":[{"embeddable":true,"href":"https:\/\/www.songhaiflange.com\/es\/wp-json\/wp\/v2\/comments?post=752"}],"wp:featuredmedia":[{"embeddable":true,"href":"https:\/\/www.songhaiflange.com\/es\/wp-json\/wp\/v2\/media\/753"}],"wp:attachment":[{"href":"https:\/\/www.songhaiflange.com\/es\/wp-json\/wp\/v2\/media?parent=752"}],"wp:term":[{"taxonomy":"product_brand","embeddable":true,"href":"https:\/\/www.songhaiflange.com\/es\/wp-json\/wp\/v2\/product_brand?post=752"},{"taxonomy":"product_cat","embeddable":true,"href":"https:\/\/www.songhaiflange.com\/es\/wp-json\/wp\/v2\/product_cat?post=752"},{"taxonomy":"product_tag","embeddable":true,"href":"https:\/\/www.songhaiflange.com\/es\/wp-json\/wp\/v2\/product_tag?post=752"}],"curies":[{"name":"wp","href":"https:\/\/api.w.org\/{rel}","templated":true}]}}