{"id":479,"date":"2025-11-17T04:00:47","date_gmt":"2025-11-17T04:00:47","guid":{"rendered":"http:\/\/www.songhaiflange.com\/?post_type=product&#038;p=479"},"modified":"2025-11-16T23:56:28","modified_gmt":"2025-11-17T04:56:28","slug":"High-Pressure-weld-neck-flange","status":"publish","type":"product","link":"https:\/\/www.songhaiflange.com\/fr\/produit\/High-Pressure-weld-neck-flange\/","title":{"rendered":"Bride \u00e0 collerette \u00e0 souder haute pression"},"content":{"rendered":"<div class=\"goods_description_btm editor-box\">\n<p>Une bride \u00e0 souder bout \u00e0 bout a un col en forme de c\u00f4ne soud\u00e9 \u00e0 un tuyau ou \u00e0 un cylindre. Il s'agit d'une bride solide, d'une seule pi\u00e8ce, qui assure une meilleure \u00e9tanch\u00e9it\u00e9 que les brides \u00e0 soudure plate. Mais elle utilise plus de mat\u00e9riaux et co\u00fbte plus cher \u00e0 fabriquer car elle doit \u00eatre forg\u00e9e. Elle convient pour les hautes pressions, les temp\u00e9ratures \u00e9lev\u00e9es ou les besoins d'\u00e9tanch\u00e9it\u00e9 stricts.<\/p>\n<\/p><\/div>","protected":false},"excerpt":{"rendered":"<div class=\"goods_info_group\">\n<div class=\"goods_info_item\">\n<div class=\"goods_info_item_title\">INTRO<\/div>\n<div class=\"goods_info_item_text\">Une bride \u00e0 souder bout \u00e0 bout a un col en forme de c\u00f4ne soud\u00e9 \u00e0 un tuyau ou \u00e0 un cylindre. Il s'agit d'une bride solide, d'une seule pi\u00e8ce, qui assure une meilleure \u00e9tanch\u00e9it\u00e9 que les brides \u00e0 soudure plate. Elle convient pour les hautes pressions, les temp\u00e9ratures \u00e9lev\u00e9es ou les besoins d'\u00e9tanch\u00e9it\u00e9 stricts.<\/div>\n<\/p><\/div>\n<div class=\"goods_info_item\">\n<div class=\"goods_info_item_title\"><\/div>\n<div class=\"goods_info_item_text\"><\/div>\n<\/p><\/div>\n<\/p><\/div>","protected":false},"featured_media":480,"comment_status":"open","ping_status":"closed","template":"","meta":{"_acf_changed":false},"product_brand":[],"product_cat":[47],"product_tag":[],"class_list":{"0":"post-479","1":"product","2":"type-product","3":"status-publish","4":"has-post-thumbnail","6":"product_cat-weld-neck-flanges","8":"first","9":"instock","10":"featured","11":"shipping-taxable","12":"purchasable","13":"product-type-simple"},"acf":[],"_links":{"self":[{"href":"https:\/\/www.songhaiflange.com\/fr\/wp-json\/wp\/v2\/product\/479","targetHints":{"allow":["GET"]}}],"collection":[{"href":"https:\/\/www.songhaiflange.com\/fr\/wp-json\/wp\/v2\/product"}],"about":[{"href":"https:\/\/www.songhaiflange.com\/fr\/wp-json\/wp\/v2\/types\/product"}],"replies":[{"embeddable":true,"href":"https:\/\/www.songhaiflange.com\/fr\/wp-json\/wp\/v2\/comments?post=479"}],"wp:featuredmedia":[{"embeddable":true,"href":"https:\/\/www.songhaiflange.com\/fr\/wp-json\/wp\/v2\/media\/480"}],"wp:attachment":[{"href":"https:\/\/www.songhaiflange.com\/fr\/wp-json\/wp\/v2\/media?parent=479"}],"wp:term":[{"taxonomy":"product_brand","embeddable":true,"href":"https:\/\/www.songhaiflange.com\/fr\/wp-json\/wp\/v2\/product_brand?post=479"},{"taxonomy":"product_cat","embeddable":true,"href":"https:\/\/www.songhaiflange.com\/fr\/wp-json\/wp\/v2\/product_cat?post=479"},{"taxonomy":"product_tag","embeddable":true,"href":"https:\/\/www.songhaiflange.com\/fr\/wp-json\/wp\/v2\/product_tag?post=479"}],"curies":[{"name":"wp","href":"https:\/\/api.w.org\/{rel}","templated":true}]}}