{"id":485,"date":"2025-11-17T04:03:59","date_gmt":"2025-11-17T04:03:59","guid":{"rendered":"http:\/\/www.songhaiflange.com\/?post_type=product&#038;p=485"},"modified":"2025-11-17T04:03:59","modified_gmt":"2025-11-17T04:03:59","slug":"Threaded-Flanges","status":"publish","type":"product","link":"https:\/\/www.songhaiflange.com\/fr\/produit\/Threaded-Flanges\/","title":{"rendered":"Brides filet\u00e9es"},"content":{"rendered":"<div class=\"goods_description_btm editor-box\">\n<p><strong>La bride filet\u00e9e est une sorte de bride non soud\u00e9e dont le trou int\u00e9rieur est transform\u00e9 en filetage de tuyau et qui est raccord\u00e9e \u00e0 un tuyau avec un filetage. Par rapport \u00e0 la bride plate soud\u00e9e ou \u00e0 la bride soud\u00e9e bout \u00e0 bout, la bride filet\u00e9e pr\u00e9sente les caract\u00e9ristiques d'une installation et d'une maintenance ais\u00e9es.<\/strong>.<strong>Pour plus d'informations, veuillez consulter la section de t\u00e9l\u00e9chargement \u00e0 droite.<\/strong>.<\/p>\n<\/p>\n<h2 class=\"wp-block-heading\"><strong>Foire aux questions (FAQ)<\/strong><\/h2>\n<details class=\"wp-block-details is-layout-flow wp-block-details-is-layout-flow\">\n<summary>Quels sont les avantages de l'utilisation d'une bride filet\u00e9e ?<\/summary>\n<p>Les brides filet\u00e9es facilitent l'installation et l'entretien, permettant un montage et un d\u00e9montage ais\u00e9s sans soudure, r\u00e9duisant ainsi le couple suppl\u00e9mentaire et la d\u00e9formation.<\/p>\n<\/details>\n<details class=\"wp-block-details is-layout-flow wp-block-details-is-layout-flow\">\n<summary>Quand dois-je utiliser des brides filet\u00e9es ?<\/summary>\n<p>Utilisez une bride filet\u00e9e lorsque vous avez besoin d'un raccord non soud\u00e9 et facile \u00e0 installer pour des tuyaux, en particulier dans des applications n\u00e9cessitant un d\u00e9montage ou une maintenance fr\u00e9quents, et o\u00f9 le soudage n'est pas pratique. Elle est id\u00e9ale dans les situations o\u00f9 la r\u00e9duction des co\u00fbts d'installation et la simplicit\u00e9 sont des priorit\u00e9s.<\/p>\n<\/details>\n<details class=\"wp-block-details is-layout-flow wp-block-details-is-layout-flow\">\n<summary>Comment installer une bride filet\u00e9e ?<\/summary>\n<p>Pour installer une bride filet\u00e9e : nettoyer et aligner la bride avec le tuyau, la visser \u00e0 la main, la serrer \u00e0 l'aide d'une cl\u00e9 \u00e0 tuyau, v\u00e9rifier l'alignement et appliquer un produit d'\u00e9tanch\u00e9it\u00e9 si n\u00e9cessaire.<\/p>\n<\/details><\/div>","protected":false},"excerpt":{"rendered":"<div class=\"goods_info_group\">\n<div class=\"goods_info_item\">\n<div class=\"goods_info_item_title\">INTRO<\/div>\n<div class=\"goods_info_item_text\">La bride filet\u00e9e est une sorte de bride reli\u00e9e au tuyau par le filetage. Elle offre une solution efficace et sans soudure pour les raccordements de pipelines \u00e0 haute pression.<\/p>\n<p>Gr\u00e2ce \u00e0 son filetage interne, il permet un montage et un d\u00e9montage faciles sans soudure.<\/p>\n<p>Cette conception innovante minimise le couple et la d\u00e9formation suppl\u00e9mentaires, garantissant un ajustement s\u00fbr pour un co\u00fbt minimal.<\/p><\/div>\n<\/p><\/div>\n<div class=\"goods_info_item\">\n<div class=\"goods_info_item_title\"><\/div>\n<div class=\"goods_info_item_text\"><b>Standard\uff1a<\/b><br \/>GB\/T9119-2010<br \/>\nHG\/T20592-2009<br \/>\nHG\/T20615-2009<br \/>\nDIN<br \/>\nASME<br \/>\nBS<br \/>\nJIS<\/p>\n<p><b>Mati\u00e8re\uff1a<\/b><br \/>304\uff1aF304 S30408 S30408II S30408III S30400<br \/>304L\uff1aS30403 S30403II 30403 30403II<br \/>316L\uff1a31603 31603II 31603III<br \/>\n2507\uff08F53\uff09<br \/>\n2205\uff08F51\uff09<br \/>\nTP310S\uff0806Cr5Ni20\uff09<br \/>\nTP321\uff0806Cr18Ni11\uff09<br \/>\nS22053III=2205III<br \/>\nT321-32168=321<\/div>\n<\/p><\/div>\n<\/p><\/div>","protected":false},"featured_media":486,"comment_status":"open","ping_status":"closed","template":"","meta":{"_acf_changed":false},"product_brand":[],"product_cat":[49],"product_tag":[],"class_list":{"0":"post-485","1":"product","2":"type-product","3":"status-publish","4":"has-post-thumbnail","6":"product_cat-threaded-flanges","8":"first","9":"instock","10":"shipping-taxable","11":"purchasable","12":"product-type-simple"},"acf":[],"_links":{"self":[{"href":"https:\/\/www.songhaiflange.com\/fr\/wp-json\/wp\/v2\/product\/485","targetHints":{"allow":["GET"]}}],"collection":[{"href":"https:\/\/www.songhaiflange.com\/fr\/wp-json\/wp\/v2\/product"}],"about":[{"href":"https:\/\/www.songhaiflange.com\/fr\/wp-json\/wp\/v2\/types\/product"}],"replies":[{"embeddable":true,"href":"https:\/\/www.songhaiflange.com\/fr\/wp-json\/wp\/v2\/comments?post=485"}],"wp:featuredmedia":[{"embeddable":true,"href":"https:\/\/www.songhaiflange.com\/fr\/wp-json\/wp\/v2\/media\/486"}],"wp:attachment":[{"href":"https:\/\/www.songhaiflange.com\/fr\/wp-json\/wp\/v2\/media?parent=485"}],"wp:term":[{"taxonomy":"product_brand","embeddable":true,"href":"https:\/\/www.songhaiflange.com\/fr\/wp-json\/wp\/v2\/product_brand?post=485"},{"taxonomy":"product_cat","embeddable":true,"href":"https:\/\/www.songhaiflange.com\/fr\/wp-json\/wp\/v2\/product_cat?post=485"},{"taxonomy":"product_tag","embeddable":true,"href":"https:\/\/www.songhaiflange.com\/fr\/wp-json\/wp\/v2\/product_tag?post=485"}],"curies":[{"name":"wp","href":"https:\/\/api.w.org\/{rel}","templated":true}]}}