{"id":504,"date":"2025-11-17T04:34:39","date_gmt":"2025-11-17T04:34:39","guid":{"rendered":"http:\/\/www.songhaiflange.com\/?post_type=product&#038;p=504"},"modified":"2025-11-17T04:34:39","modified_gmt":"2025-11-17T04:34:39","slug":"Tube-sheet","status":"publish","type":"product","link":"https:\/\/www.songhaiflange.com\/fr\/produit\/Tube-sheet\/","title":{"rendered":"Feuille de tube"},"content":{"rendered":"<div class=\"goods_description_btm editor-box\">\n<p>La plaque tubulaire est une plaque d'acier ronde perc\u00e9e d'un trou l\u00e9g\u00e8rement plus grand que le diam\u00e8tre ext\u00e9rieur du tuyau. Il s'agit d'un acier rond qui sert \u00e0 fixer le tuyau et \u00e0 sceller le fluide dans l'\u00e9changeur de chaleur. Un raccord utilis\u00e9 pour souder un tuyau dans un trou et le maintenir en place.<\/p>\n<\/p><\/div>","protected":false},"excerpt":{"rendered":"<div class=\"goods_info_group\">\n<div class=\"goods_info_item\">\n<div class=\"goods_info_item_title\">INTRO<\/div>\n<div class=\"goods_info_item_text\">La plaque tubulaire est une plaque d'acier ronde perc\u00e9e d'un trou l\u00e9g\u00e8rement plus grand que le diam\u00e8tre ext\u00e9rieur du tuyau. Il s'agit d'un acier rond qui sert \u00e0 fixer le tuyau et \u00e0 sceller le fluide dans l'\u00e9changeur de chaleur. Un raccord utilis\u00e9 pour souder un tuyau dans un trou et le maintenir en place.<\/div>\n<\/p><\/div>\n<div class=\"goods_info_item\">\n<div class=\"goods_info_item_title\"><\/div>\n<div class=\"goods_info_item_text\"><\/div>\n<\/p><\/div>\n<\/p><\/div>","protected":false},"featured_media":505,"template":"","meta":{"_acf_changed":false},"product_brand":[],"product_cat":[52],"product_tag":[],"class_list":{"0":"post-504","1":"product","2":"type-product","3":"status-publish","4":"has-post-thumbnail","6":"product_cat-custom-flanges","8":"first","9":"instock","10":"shipping-taxable","11":"purchasable","12":"product-type-simple"},"acf":[],"_links":{"self":[{"href":"https:\/\/www.songhaiflange.com\/fr\/wp-json\/wp\/v2\/product\/504","targetHints":{"allow":["GET"]}}],"collection":[{"href":"https:\/\/www.songhaiflange.com\/fr\/wp-json\/wp\/v2\/product"}],"about":[{"href":"https:\/\/www.songhaiflange.com\/fr\/wp-json\/wp\/v2\/types\/product"}],"wp:featuredmedia":[{"embeddable":true,"href":"https:\/\/www.songhaiflange.com\/fr\/wp-json\/wp\/v2\/media\/505"}],"wp:attachment":[{"href":"https:\/\/www.songhaiflange.com\/fr\/wp-json\/wp\/v2\/media?parent=504"}],"wp:term":[{"taxonomy":"product_brand","embeddable":true,"href":"https:\/\/www.songhaiflange.com\/fr\/wp-json\/wp\/v2\/product_brand?post=504"},{"taxonomy":"product_cat","embeddable":true,"href":"https:\/\/www.songhaiflange.com\/fr\/wp-json\/wp\/v2\/product_cat?post=504"},{"taxonomy":"product_tag","embeddable":true,"href":"https:\/\/www.songhaiflange.com\/fr\/wp-json\/wp\/v2\/product_tag?post=504"}],"curies":[{"name":"wp","href":"https:\/\/api.w.org\/{rel}","templated":true}]}}