{"id":510,"date":"2025-11-17T04:34:48","date_gmt":"2025-11-17T04:34:48","guid":{"rendered":"http:\/\/www.songhaiflange.com\/?post_type=product&#038;p=510"},"modified":"2025-11-17T04:34:48","modified_gmt":"2025-11-17T04:34:48","slug":"Plate-Flat-Welded-Flange","status":"publish","type":"product","link":"https:\/\/www.songhaiflange.com\/fr\/produit\/Plate-Flat-Welded-Flange\/","title":{"rendered":"Plaque plate Bride soud\u00e9e"},"content":{"rendered":"<div class=\"goods_description_btm editor-box\">\n<p>Les produits personnalis\u00e9s sont des articles fabriqu\u00e9s pour r\u00e9pondre aux besoins sp\u00e9cifiques des clients. Ils peuvent diff\u00e9rer des produits standard fabriqu\u00e9s en s\u00e9rie en termes de sp\u00e9cifications, de quantit\u00e9, de couleur, d'odeur, d'emballage et d'\u00e9tiquetage.<\/p>\n<\/p><\/div>","protected":false},"excerpt":{"rendered":"<div class=\"goods_info_group\">\n<div class=\"goods_info_item\">\n<div class=\"goods_info_item_title\">INTRO<\/div>\n<div class=\"goods_info_item_text\">Les produits personnalis\u00e9s sont des articles fabriqu\u00e9s pour r\u00e9pondre aux besoins sp\u00e9cifiques des clients.  Ils peuvent diff\u00e9rer des produits standard fabriqu\u00e9s en s\u00e9rie en termes de sp\u00e9cifications, de quantit\u00e9, de couleur, d'odeur, d'emballage et d'\u00e9tiquetage.<\/div>\n<\/p><\/div>\n<div class=\"goods_info_item\">\n<div class=\"goods_info_item_title\"><\/div>\n<div class=\"goods_info_item_text\"><\/div>\n<\/p><\/div>\n<\/p><\/div>","protected":false},"featured_media":511,"comment_status":"open","ping_status":"closed","template":"","meta":{"_acf_changed":false},"product_brand":[],"product_cat":[52],"product_tag":[],"class_list":{"0":"post-510","1":"product","2":"type-product","3":"status-publish","4":"has-post-thumbnail","6":"product_cat-custom-flanges","8":"first","9":"instock","10":"shipping-taxable","11":"purchasable","12":"product-type-simple"},"acf":[],"_links":{"self":[{"href":"https:\/\/www.songhaiflange.com\/fr\/wp-json\/wp\/v2\/product\/510","targetHints":{"allow":["GET"]}}],"collection":[{"href":"https:\/\/www.songhaiflange.com\/fr\/wp-json\/wp\/v2\/product"}],"about":[{"href":"https:\/\/www.songhaiflange.com\/fr\/wp-json\/wp\/v2\/types\/product"}],"replies":[{"embeddable":true,"href":"https:\/\/www.songhaiflange.com\/fr\/wp-json\/wp\/v2\/comments?post=510"}],"wp:featuredmedia":[{"embeddable":true,"href":"https:\/\/www.songhaiflange.com\/fr\/wp-json\/wp\/v2\/media\/511"}],"wp:attachment":[{"href":"https:\/\/www.songhaiflange.com\/fr\/wp-json\/wp\/v2\/media?parent=510"}],"wp:term":[{"taxonomy":"product_brand","embeddable":true,"href":"https:\/\/www.songhaiflange.com\/fr\/wp-json\/wp\/v2\/product_brand?post=510"},{"taxonomy":"product_cat","embeddable":true,"href":"https:\/\/www.songhaiflange.com\/fr\/wp-json\/wp\/v2\/product_cat?post=510"},{"taxonomy":"product_tag","embeddable":true,"href":"https:\/\/www.songhaiflange.com\/fr\/wp-json\/wp\/v2\/product_tag?post=510"}],"curies":[{"name":"wp","href":"https:\/\/api.w.org\/{rel}","templated":true}]}}