{"id":519,"date":"2025-11-17T04:40:16","date_gmt":"2025-11-17T04:40:16","guid":{"rendered":"http:\/\/www.songhaiflange.com\/?post_type=product&#038;p=519"},"modified":"2025-11-17T04:40:16","modified_gmt":"2025-11-17T04:40:16","slug":"Filter-flange","status":"publish","type":"product","link":"https:\/\/www.songhaiflange.com\/fr\/produit\/Filter-flange\/","title":{"rendered":"Bride du filtre"},"content":{"rendered":"<div class=\"goods_description_btm editor-box\">\n<p>La bride du filtre est un \u00e9l\u00e9ment important de la connexion entre le filtre et la canalisation. Elle relie le filtre et la canalisation par l'interm\u00e9diaire de la bride et assure l'\u00e9tanch\u00e9it\u00e9 de la connexion afin de garantir un \u00e9coulement fluide du liquide ou du gaz et d'\u00e9viter les fuites.<\/p>\n<\/p><\/div>","protected":false},"excerpt":{"rendered":"<div class=\"goods_info_group\">\n<div class=\"goods_info_item\">\n<div class=\"goods_info_item_title\">INTRO<\/div>\n<div class=\"goods_info_item_text\">Il a pour fonction de sceller, de fixer et de soutenir les tuyaux, et peut facilement installer et entretenir les filtres en m\u00eame temps.<\/div>\n<\/p><\/div>\n<div class=\"goods_info_item\">\n<div class=\"goods_info_item_title\"><\/div>\n<div class=\"goods_info_item_text\"><\/div>\n<\/p><\/div>\n<\/p><\/div>","protected":false},"featured_media":520,"template":"","meta":{"_acf_changed":false},"product_brand":[],"product_cat":[17],"product_tag":[],"class_list":{"0":"post-519","1":"product","2":"type-product","3":"status-publish","4":"has-post-thumbnail","6":"product_cat-filter-flange-and-filter-element-accessories-series","8":"first","9":"instock","10":"shipping-taxable","11":"purchasable","12":"product-type-simple"},"acf":[],"_links":{"self":[{"href":"https:\/\/www.songhaiflange.com\/fr\/wp-json\/wp\/v2\/product\/519","targetHints":{"allow":["GET"]}}],"collection":[{"href":"https:\/\/www.songhaiflange.com\/fr\/wp-json\/wp\/v2\/product"}],"about":[{"href":"https:\/\/www.songhaiflange.com\/fr\/wp-json\/wp\/v2\/types\/product"}],"wp:featuredmedia":[{"embeddable":true,"href":"https:\/\/www.songhaiflange.com\/fr\/wp-json\/wp\/v2\/media\/520"}],"wp:attachment":[{"href":"https:\/\/www.songhaiflange.com\/fr\/wp-json\/wp\/v2\/media?parent=519"}],"wp:term":[{"taxonomy":"product_brand","embeddable":true,"href":"https:\/\/www.songhaiflange.com\/fr\/wp-json\/wp\/v2\/product_brand?post=519"},{"taxonomy":"product_cat","embeddable":true,"href":"https:\/\/www.songhaiflange.com\/fr\/wp-json\/wp\/v2\/product_cat?post=519"},{"taxonomy":"product_tag","embeddable":true,"href":"https:\/\/www.songhaiflange.com\/fr\/wp-json\/wp\/v2\/product_tag?post=519"}],"curies":[{"name":"wp","href":"https:\/\/api.w.org\/{rel}","templated":true}]}}