{"id":525,"date":"2025-11-17T04:42:09","date_gmt":"2025-11-17T04:42:09","guid":{"rendered":"http:\/\/www.songhaiflange.com\/?post_type=product&#038;p=525"},"modified":"2025-11-16T23:56:53","modified_gmt":"2025-11-17T04:56:53","slug":"Shaft-Collar","status":"publish","type":"product","link":"https:\/\/www.songhaiflange.com\/fr\/produit\/Shaft-Collar\/","title":{"rendered":"Collier d'arbre"},"content":{"rendered":"<div class=\"goods_description_btm editor-box\">\n<p>Le collier d'arbre ou collier m\u00e9tallique est un \u00e9l\u00e9ment d'\u00e9tanch\u00e9it\u00e9 annulaire couramment utilis\u00e9 dans les syst\u00e8mes de lubrification des \u00e9quipements m\u00e9caniques. Sa fonction premi\u00e8re est de garantir la fiabilit\u00e9 des composants d'\u00e9tanch\u00e9it\u00e9 et d'emp\u00eacher les fuites d'huile ou de gaz. <\/p>\n<p>Dans les syst\u00e8mes hydrauliques, les colliers d'arbre sont efficaces pour emp\u00eacher les fuites de liquide \u00e0 haute pression en \u00e9tant plac\u00e9s \u00e0 l'int\u00e9rieur de la bague de retenue, o\u00f9 ils se compriment vers l'ext\u00e9rieur contre la surface d'\u00e9tanch\u00e9it\u00e9. Cela cr\u00e9e un joint s\u00fbr. <\/p>\n<p>Dans les syst\u00e8mes pneumatiques, les colliers d'arbre sont install\u00e9s au bas du joint annulaire du joint \u00e0 gaz, appliquant une pression vers l'int\u00e9rieur pour maintenir l'\u00e9tanch\u00e9it\u00e9 \u00e0 l'air. Leur conception robuste les rend indispensables \u00e0 un fonctionnement efficace dans diverses applications.<\/p>\n<h2 class=\"wp-block-heading\"><strong>Pourquoi choisir notre collier d'arbre ?<\/strong><\/h2>\n<ul class=\"wp-block-list\">\n<li><strong>Solutions sur mesure<\/strong>: Nous sommes sp\u00e9cialis\u00e9s dans la fourniture de colliers d'arbre personnalis\u00e9s, con\u00e7us pour r\u00e9pondre aux exigences d'applications sp\u00e9cifiques, garantissant des performances optimales et une compatibilit\u00e9 avec divers \u00e9quipements et syst\u00e8mes.<\/li>\n<li><strong>Diverses options de mat\u00e9riaux<\/strong>: Nos capacit\u00e9s de fabrication comprennent une large gamme de mat\u00e9riaux, tels que l'acier inoxydable, l'aluminium et les alliages sp\u00e9ciaux, ce qui nous permet de r\u00e9pondre aux divers besoins de l'industrie et aux conditions environnementales.<\/li>\n<li><strong>Soutien technique avanc\u00e9<\/strong>: Notre \u00e9quipe d'ing\u00e9nieurs internes collabore \u00e9troitement avec les clients pour d\u00e9velopper des conceptions et des modifications innovantes, en veillant \u00e0 ce que chaque collier d'arbre r\u00e9ponde \u00e0 des sp\u00e9cifications pr\u00e9cises et \u00e0 des exigences op\u00e9rationnelles.<\/li>\n<li><strong>Prototypage rapide et d\u00e9lais d'ex\u00e9cution courts<\/strong>: Nous offrons des d\u00e9lais d'ex\u00e9cution rapides pour les prototypes et les s\u00e9ries de production, ce qui permet aux clients d'acc\u00e9l\u00e9rer leurs projets et de r\u00e9duire les temps d'arr\u00eat de leurs activit\u00e9s.<\/li>\n<li><strong>Assurance qualit\u00e9<\/strong>: Nos processus de fabrication respectent des normes strictes de contr\u00f4le de la qualit\u00e9, garantissant que chaque collier d'arbre personnalis\u00e9 est conforme aux r\u00e9glementations industrielles et fonctionne de mani\u00e8re fiable dans des environnements exigeants.<\/li>\n<li><strong>Applications polyvalentes<\/strong>: Nos colliers d'arbre sur mesure conviennent \u00e0 une large gamme d'applications dans divers secteurs, notamment l'automobile, le m\u00e9dical, l'agroalimentaire et l'automatisation, ce qui d\u00e9montre notre flexibilit\u00e9 et notre expertise pour r\u00e9pondre aux divers besoins de nos clients.<\/li>\n<\/ul>\n<\/p>\n<h2 class=\"wp-block-heading\"><strong>Foire aux questions (FAQ)<\/strong><\/h2>\n<details class=\"wp-block-details is-layout-flow wp-block-details-is-layout-flow\">\n<summary><strong>Quels sont les principaux types de colliers d'arbre et leurs applications ?<\/strong><\/summary>\n<p>Il existe diff\u00e9rents types de colliers d'arbre : les colliers \u00e0 vis de r\u00e9glage, les colliers de serrage (en une ou deux parties) et les colliers \u00e0 charni\u00e8re. Les colliers \u00e0 vis sans fin conviennent pour un positionnement simple mais peuvent endommager l'arbre. Les colliers de serrage offrent un maintien s\u00fbr sans endommager l'arbre, ce qui les rend id\u00e9aux pour les applications n\u00e9cessitant des ajustements fr\u00e9quents. Les colliers en deux parties permettent une installation et un repositionnement faciles sans avoir \u00e0 retirer d'autres composants, ce qui les rend polyvalents pour les assemblages complexes.<\/p>\n<\/details>\n<details class=\"wp-block-details is-layout-flow wp-block-details-is-layout-flow\">\n<summary><strong>Comment les colliers d'arbre emp\u00eachent-ils les fuites dans les syst\u00e8mes hydrauliques et pneumatiques ?<\/strong><\/summary>\n<p>Dans les syst\u00e8mes hydrauliques, les colliers d'arbre cr\u00e9ent un joint s\u00fbr en \u00e9tant plac\u00e9s \u00e0 l'int\u00e9rieur d'une bague de retenue, o\u00f9 ils se compriment vers l'ext\u00e9rieur contre la surface d'\u00e9tanch\u00e9it\u00e9 pour emp\u00eacher les fuites de liquide \u00e0 haute pression. Dans les syst\u00e8mes pneumatiques, ils sont install\u00e9s au niveau du joint de gaz, appliquant une pression vers l'int\u00e9rieur pour maintenir l'\u00e9tanch\u00e9it\u00e9 \u00e0 l'air et emp\u00eacher efficacement les fuites de gaz.<\/p>\n<\/details>\n<details class=\"wp-block-details is-layout-flow wp-block-details-is-layout-flow\">\n<summary><strong>Quels sont les mat\u00e9riaux utilis\u00e9s pour les colliers d'arbre et comment influencent-ils les performances ?<\/strong><\/summary>\n<p>Les colliers d'arbre sont g\u00e9n\u00e9ralement fabriqu\u00e9s \u00e0 partir de mat\u00e9riaux tels que l'aluminium, l'acier inoxydable et le nylon. Le choix du mat\u00e9riau influe sur la durabilit\u00e9, la r\u00e9sistance \u00e0 la corrosion et les performances globales du collier. Par exemple, les colliers en acier inoxydable offrent une solidit\u00e9 et une r\u00e9sistance sup\u00e9rieures aux environnements difficiles, tandis que les colliers en nylon sont l\u00e9gers et conviennent aux applications n\u00e9cessitant des composants non m\u00e9talliques.<\/p>\n<\/details>\n<\/p><\/div>","protected":false},"excerpt":{"rendered":"<div class=\"goods_info_group\">\n<div class=\"goods_info_item\">\n<div class=\"goods_info_item_title\">INTRO<\/div>\n<div class=\"goods_info_item_text\">Les colliers d'arbre sont des composants m\u00e9caniques essentiels qui fixent, positionnent et arr\u00eatent les pi\u00e8ces sur un arbre. Disponibles en diff\u00e9rents mod\u00e8les et mat\u00e9riaux, ils assurent une \u00e9tanch\u00e9it\u00e9 fiable, pr\u00e9viennent les fuites et garantissent des performances optimales dans tous les secteurs d'activit\u00e9. <\/p>\n<p>Les colliers d'arbre offrent durabilit\u00e9, facilit\u00e9 d'installation et polyvalence dans des applications allant de l'automobile \u00e0 l'\u00e9quipement m\u00e9dical.<\/p><\/div>\n<\/p><\/div>\n<div class=\"goods_info_item\">\n<div class=\"goods_info_item_title\"><\/div>\n<div class=\"goods_info_item_text\">Mati\u00e8re\uff1a<br \/>304\uff1aF304 S30408 S30408II S30408III S30400<br \/>304L\uff1aS30403 S30403II 30403 30403II<br \/>316L\uff1a31603 31603II 31603III<br \/>\n2507\uff08F53\uff09<br \/>\n2205\uff08F51\uff09<br \/>\nTP310S\uff0806Cr5Ni20\uff09<br \/>\nTP321\uff0806Cr18Ni11\uff09<br \/>\nS22053III=2205III<br \/>\nT321-32168=321<\/div>\n<\/p><\/div>\n<\/p><\/div>","protected":false},"featured_media":526,"template":"","meta":{"_acf_changed":false},"product_brand":[],"product_cat":[25],"product_tag":[],"class_list":{"0":"post-525","1":"product","2":"type-product","3":"status-publish","4":"has-post-thumbnail","6":"product_cat-instrument-flange-series","8":"first","9":"instock","10":"featured","11":"shipping-taxable","12":"purchasable","13":"product-type-simple"},"acf":[],"_links":{"self":[{"href":"https:\/\/www.songhaiflange.com\/fr\/wp-json\/wp\/v2\/product\/525","targetHints":{"allow":["GET"]}}],"collection":[{"href":"https:\/\/www.songhaiflange.com\/fr\/wp-json\/wp\/v2\/product"}],"about":[{"href":"https:\/\/www.songhaiflange.com\/fr\/wp-json\/wp\/v2\/types\/product"}],"wp:featuredmedia":[{"embeddable":true,"href":"https:\/\/www.songhaiflange.com\/fr\/wp-json\/wp\/v2\/media\/526"}],"wp:attachment":[{"href":"https:\/\/www.songhaiflange.com\/fr\/wp-json\/wp\/v2\/media?parent=525"}],"wp:term":[{"taxonomy":"product_brand","embeddable":true,"href":"https:\/\/www.songhaiflange.com\/fr\/wp-json\/wp\/v2\/product_brand?post=525"},{"taxonomy":"product_cat","embeddable":true,"href":"https:\/\/www.songhaiflange.com\/fr\/wp-json\/wp\/v2\/product_cat?post=525"},{"taxonomy":"product_tag","embeddable":true,"href":"https:\/\/www.songhaiflange.com\/fr\/wp-json\/wp\/v2\/product_tag?post=525"}],"curies":[{"name":"wp","href":"https:\/\/api.w.org\/{rel}","templated":true}]}}