{"id":531,"date":"2025-11-17T04:42:18","date_gmt":"2025-11-17T04:42:18","guid":{"rendered":"http:\/\/www.songhaiflange.com\/?post_type=product&#038;p=531"},"modified":"2025-11-16T23:56:59","modified_gmt":"2025-11-17T04:56:59","slug":"Water-meter-flange","status":"publish","type":"product","link":"https:\/\/www.songhaiflange.com\/fr\/produit\/Water-meter-flange\/","title":{"rendered":"Bride de compteur d'eau"},"content":{"rendered":"<div class=\"goods_description_btm editor-box\">\n<p>La bride de compteur d'eau est l'interface reliant le compteur d'eau et la conduite d'eau. Elle est utilis\u00e9e pour fixer le compteur d'eau et la conduite d'eau afin d'assurer l'\u00e9coulement normal de l'eau.<\/p>\n<\/p><\/div>","protected":false},"excerpt":{"rendered":"<div class=\"goods_info_group\">\n<div class=\"goods_info_item\">\n<div class=\"goods_info_item_title\">INTRO<\/div>\n<div class=\"goods_info_item_text\">La bride de compteur d'eau est une interface importante qui relie le compteur d'eau \u00e0 la conduite d'eau. Une installation correcte de la bride de compteur d'eau permet d'\u00e9viter de nombreux d\u00e9chets et accidents.<\/div>\n<\/p><\/div>\n<div class=\"goods_info_item\">\n<div class=\"goods_info_item_title\"><\/div>\n<div class=\"goods_info_item_text\"><\/div>\n<\/p><\/div>\n<\/p><\/div>","protected":false},"featured_media":532,"template":"","meta":{"_acf_changed":false},"product_brand":[],"product_cat":[25],"product_tag":[],"class_list":{"0":"post-531","1":"product","2":"type-product","3":"status-publish","4":"has-post-thumbnail","6":"product_cat-instrument-flange-series","8":"first","9":"instock","10":"featured","11":"shipping-taxable","12":"purchasable","13":"product-type-simple"},"acf":[],"_links":{"self":[{"href":"https:\/\/www.songhaiflange.com\/fr\/wp-json\/wp\/v2\/product\/531","targetHints":{"allow":["GET"]}}],"collection":[{"href":"https:\/\/www.songhaiflange.com\/fr\/wp-json\/wp\/v2\/product"}],"about":[{"href":"https:\/\/www.songhaiflange.com\/fr\/wp-json\/wp\/v2\/types\/product"}],"wp:featuredmedia":[{"embeddable":true,"href":"https:\/\/www.songhaiflange.com\/fr\/wp-json\/wp\/v2\/media\/532"}],"wp:attachment":[{"href":"https:\/\/www.songhaiflange.com\/fr\/wp-json\/wp\/v2\/media?parent=531"}],"wp:term":[{"taxonomy":"product_brand","embeddable":true,"href":"https:\/\/www.songhaiflange.com\/fr\/wp-json\/wp\/v2\/product_brand?post=531"},{"taxonomy":"product_cat","embeddable":true,"href":"https:\/\/www.songhaiflange.com\/fr\/wp-json\/wp\/v2\/product_cat?post=531"},{"taxonomy":"product_tag","embeddable":true,"href":"https:\/\/www.songhaiflange.com\/fr\/wp-json\/wp\/v2\/product_tag?post=531"}],"curies":[{"name":"wp","href":"https:\/\/api.w.org\/{rel}","templated":true}]}}