{"id":549,"date":"2025-11-17T04:46:58","date_gmt":"2025-11-17T04:46:58","guid":{"rendered":"http:\/\/www.songhaiflange.com\/?post_type=product&#038;p=549"},"modified":"2025-11-17T04:46:58","modified_gmt":"2025-11-17T04:46:58","slug":"Rubber-Soft-Connection","status":"publish","type":"product","link":"https:\/\/www.songhaiflange.com\/fr\/produit\/Rubber-Soft-Connection\/","title":{"rendered":"Connexion souple en caoutchouc"},"content":{"rendered":"<div class=\"goods_description_btm editor-box\">\n<p>Une connexion souple \u00e0 bride est un moyen de relier diff\u00e9rentes pi\u00e8ces d'\u00e9quipement. Il est g\u00e9n\u00e9ralement utilis\u00e9 pour raccorder des \u00e9quipements rotatifs \u00e0 des syst\u00e8mes statiques ou \u00e0 d'autres \u00e9quipements rotatifs. La connexion souple \u00e0 bride consiste en une pi\u00e8ce souple plac\u00e9e entre deux brides. Cela permet de r\u00e9duire les contraintes de flexion et de vibration. Elle am\u00e9liore \u00e9galement la capacit\u00e9 du syst\u00e8me \u00e0 absorber les vibrations et \u00e0 r\u00e9duire les niveaux de bruit.<\/p>\n<\/p><\/div>","protected":false},"excerpt":{"rendered":"<div class=\"goods_info_group\">\n<div class=\"goods_info_item\">\n<div class=\"goods_info_item_title\">INTRO<\/div>\n<div class=\"goods_info_item_text\">Une connexion souple \u00e0 bride est un moyen de relier diff\u00e9rentes pi\u00e8ces d'\u00e9quipement. Il est g\u00e9n\u00e9ralement utilis\u00e9 pour raccorder des \u00e9quipements rotatifs \u00e0 des syst\u00e8mes statiques ou \u00e0 d'autres \u00e9quipements rotatifs. La connexion souple \u00e0 bride consiste en une pi\u00e8ce souple plac\u00e9e entre deux brides. Cela permet de r\u00e9duire les contraintes de flexion et de vibration. Elle am\u00e9liore \u00e9galement la capacit\u00e9 du syst\u00e8me \u00e0 absorber les vibrations et \u00e0 r\u00e9duire les niveaux de bruit.<\/div>\n<\/p><\/div>\n<div class=\"goods_info_item\">\n<div class=\"goods_info_item_title\"><\/div>\n<div class=\"goods_info_item_text\"><\/div>\n<\/p><\/div>\n<\/p><\/div>","protected":false},"featured_media":550,"template":"","meta":{"_acf_changed":false},"product_brand":[],"product_cat":[42],"product_tag":[],"class_list":{"0":"post-549","1":"product","2":"type-product","3":"status-publish","4":"has-post-thumbnail","6":"product_cat-soft-connection-flanges","8":"first","9":"instock","10":"shipping-taxable","11":"purchasable","12":"product-type-simple"},"acf":[],"_links":{"self":[{"href":"https:\/\/www.songhaiflange.com\/fr\/wp-json\/wp\/v2\/product\/549","targetHints":{"allow":["GET"]}}],"collection":[{"href":"https:\/\/www.songhaiflange.com\/fr\/wp-json\/wp\/v2\/product"}],"about":[{"href":"https:\/\/www.songhaiflange.com\/fr\/wp-json\/wp\/v2\/types\/product"}],"wp:featuredmedia":[{"embeddable":true,"href":"https:\/\/www.songhaiflange.com\/fr\/wp-json\/wp\/v2\/media\/550"}],"wp:attachment":[{"href":"https:\/\/www.songhaiflange.com\/fr\/wp-json\/wp\/v2\/media?parent=549"}],"wp:term":[{"taxonomy":"product_brand","embeddable":true,"href":"https:\/\/www.songhaiflange.com\/fr\/wp-json\/wp\/v2\/product_brand?post=549"},{"taxonomy":"product_cat","embeddable":true,"href":"https:\/\/www.songhaiflange.com\/fr\/wp-json\/wp\/v2\/product_cat?post=549"},{"taxonomy":"product_tag","embeddable":true,"href":"https:\/\/www.songhaiflange.com\/fr\/wp-json\/wp\/v2\/product_tag?post=549"}],"curies":[{"name":"wp","href":"https:\/\/api.w.org\/{rel}","templated":true}]}}