{"id":557,"date":"2025-11-17T04:50:25","date_gmt":"2025-11-17T04:50:25","guid":{"rendered":"http:\/\/www.songhaiflange.com\/?post_type=product&#038;p=557"},"modified":"2025-11-17T04:50:25","modified_gmt":"2025-11-17T04:50:25","slug":"Sealing-ring","status":"publish","type":"product","link":"https:\/\/www.songhaiflange.com\/fr\/produit\/Sealing-ring\/","title":{"rendered":"Bague d'\u00e9tanch\u00e9it\u00e9"},"content":{"rendered":"<div class=\"goods_description_btm editor-box\">\n<p>La bague d'\u00e9tanch\u00e9it\u00e9 emp\u00eache efficacement les fuites de liquide ou de gaz d'une partie du syst\u00e8me \u00e0 l'autre. Dans un syst\u00e8me de transport, une bague d'\u00e9tanch\u00e9it\u00e9 remplit l'espace entre deux composants pour emp\u00eacher les fuites de liquide ou de gaz. Si la bague d'\u00e9tanch\u00e9it\u00e9 n'est pas adapt\u00e9e ou si elle est endommag\u00e9e, cela entra\u00eenera une perte de produit et une pollution de l'environnement.<\/p>\n<\/p><\/div>","protected":false},"excerpt":{"rendered":"<div class=\"goods_info_group\">\n<div class=\"goods_info_item\">\n<div class=\"goods_info_item_title\">INTRO<\/div>\n<div class=\"goods_info_item_text\">La bague d'\u00e9tanch\u00e9it\u00e9 emp\u00eache les contaminants externes de p\u00e9n\u00e9trer dans le syst\u00e8me, prot\u00e9geant ainsi les composants internes contre les dommages. Sans la protection de la bague d'\u00e9tanch\u00e9it\u00e9, des contaminants externes peuvent p\u00e9n\u00e9trer dans le syst\u00e8me et provoquer l'usure et l'endommagement des composants internes.<\/div>\n<\/p><\/div>\n<div class=\"goods_info_item\">\n<div class=\"goods_info_item_title\"><\/div>\n<div class=\"goods_info_item_text\"><\/div>\n<\/p><\/div>\n<\/p><\/div>","protected":false},"featured_media":558,"template":"","meta":{"_acf_changed":false},"product_brand":[],"product_cat":[44],"product_tag":[],"class_list":{"0":"post-557","1":"product","2":"type-product","3":"status-publish","4":"has-post-thumbnail","6":"product_cat-customized-products","8":"first","9":"instock","10":"shipping-taxable","11":"purchasable","12":"product-type-simple"},"acf":[],"_links":{"self":[{"href":"https:\/\/www.songhaiflange.com\/fr\/wp-json\/wp\/v2\/product\/557","targetHints":{"allow":["GET"]}}],"collection":[{"href":"https:\/\/www.songhaiflange.com\/fr\/wp-json\/wp\/v2\/product"}],"about":[{"href":"https:\/\/www.songhaiflange.com\/fr\/wp-json\/wp\/v2\/types\/product"}],"wp:featuredmedia":[{"embeddable":true,"href":"https:\/\/www.songhaiflange.com\/fr\/wp-json\/wp\/v2\/media\/558"}],"wp:attachment":[{"href":"https:\/\/www.songhaiflange.com\/fr\/wp-json\/wp\/v2\/media?parent=557"}],"wp:term":[{"taxonomy":"product_brand","embeddable":true,"href":"https:\/\/www.songhaiflange.com\/fr\/wp-json\/wp\/v2\/product_brand?post=557"},{"taxonomy":"product_cat","embeddable":true,"href":"https:\/\/www.songhaiflange.com\/fr\/wp-json\/wp\/v2\/product_cat?post=557"},{"taxonomy":"product_tag","embeddable":true,"href":"https:\/\/www.songhaiflange.com\/fr\/wp-json\/wp\/v2\/product_tag?post=557"}],"curies":[{"name":"wp","href":"https:\/\/api.w.org\/{rel}","templated":true}]}}