{"id":681,"date":"2025-12-04T02:54:09","date_gmt":"2025-12-04T07:54:09","guid":{"rendered":"https:\/\/www.songhaiflange.com\/?post_type=product&#038;p=681"},"modified":"2025-12-04T02:54:09","modified_gmt":"2025-12-04T07:54:09","slug":"large-diameter-high-pressure-flange","status":"publish","type":"product","link":"https:\/\/www.songhaiflange.com\/fr\/produit\/large-diameter-high-pressure-flange\/","title":{"rendered":"Bride haute pression de grand diam\u00e8tre"},"content":{"rendered":"<figure class=\"flange-image\"><img decoding=\"async\" src=\"\/wp-content\/uploads\/flange-images\/large-flange.svg\" alt=\"Large Diameter Flange\" style=\"max-width:100%;height:auto;margin:20px 0;border:1px solid #ddd;border-radius:8px;box-shadow:0 2px 8px rgba(0,0,0,0.1);\" title=\"\"><\/figure>","protected":false},"excerpt":{"rendered":"<div>Mat\u00e9riau du produit : S30408\/S31603\/S22053\/S31008\/904L\/Titanium\/Hastelloy et autres mat\u00e9riaux sp\u00e9ciaux.<\/div>\n<div><\/div>\n<div>Calibre du produit : 1\/2\"~240\" (DN15mm-DN6000mm)<\/div>\n<div><\/div>\n<div>Caract\u00e9ristiques du produit : Duret\u00e9 \u00e9lev\u00e9e, r\u00e9sistant \u00e0 la corrosion et \u00e0 la d\u00e9formation.<\/div>\n<div><\/div>\n<div>Sp\u00e9cifications des produits : Sp\u00e9cifications compl\u00e8tes et soutien \u00e0 la personnalisation.<\/div>\n<div><\/div>\n<div>Application : Ce produit est largement utilis\u00e9 dans les industries m\u00e9caniques telles que les produits pharmaceutiques, le p\u00e9trole, les produits chimiques, l'alimentation, la m\u00e9tallurgie, la construction et l'\u00e9nergie.<\/div>","protected":false},"featured_media":682,"template":"","meta":{"_acf_changed":false},"product_brand":[],"product_cat":[63],"product_tag":[],"class_list":{"0":"post-681","1":"product","2":"type-product","3":"status-publish","4":"has-post-thumbnail","6":"product_cat-large-diameter-flange","8":"first","9":"instock","10":"shipping-taxable","11":"product-type-simple"},"acf":[],"_links":{"self":[{"href":"https:\/\/www.songhaiflange.com\/fr\/wp-json\/wp\/v2\/product\/681","targetHints":{"allow":["GET"]}}],"collection":[{"href":"https:\/\/www.songhaiflange.com\/fr\/wp-json\/wp\/v2\/product"}],"about":[{"href":"https:\/\/www.songhaiflange.com\/fr\/wp-json\/wp\/v2\/types\/product"}],"wp:featuredmedia":[{"embeddable":true,"href":"https:\/\/www.songhaiflange.com\/fr\/wp-json\/wp\/v2\/media\/682"}],"wp:attachment":[{"href":"https:\/\/www.songhaiflange.com\/fr\/wp-json\/wp\/v2\/media?parent=681"}],"wp:term":[{"taxonomy":"product_brand","embeddable":true,"href":"https:\/\/www.songhaiflange.com\/fr\/wp-json\/wp\/v2\/product_brand?post=681"},{"taxonomy":"product_cat","embeddable":true,"href":"https:\/\/www.songhaiflange.com\/fr\/wp-json\/wp\/v2\/product_cat?post=681"},{"taxonomy":"product_tag","embeddable":true,"href":"https:\/\/www.songhaiflange.com\/fr\/wp-json\/wp\/v2\/product_tag?post=681"}],"curies":[{"name":"wp","href":"https:\/\/api.w.org\/{rel}","templated":true}]}}