{"id":689,"date":"2025-12-04T03:17:43","date_gmt":"2025-12-04T08:17:43","guid":{"rendered":"https:\/\/www.songhaiflange.com\/?post_type=product&#038;p=689"},"modified":"2025-12-04T03:17:44","modified_gmt":"2025-12-04T08:17:44","slug":"safety-valve-base-flange","status":"publish","type":"product","link":"https:\/\/www.songhaiflange.com\/fr\/produit\/safety-valve-base-flange\/","title":{"rendered":"Bride de base de la soupape de s\u00e9curit\u00e9"},"content":{"rendered":"","protected":false},"excerpt":{"rendered":"<div>Mat\u00e9riau du produit : S30408\/S31603\/S22053\/S31008\/904L\/Titanium\/Hastelloy et autres mat\u00e9riaux sp\u00e9ciaux.<\/div>\n<div><\/div>\n<div>Calibre du produit : 1\/2\"~240\" (DN15mm-DN6000mm)<\/div>\n<div><\/div>\n<div>Caract\u00e9ristiques du produit : Duret\u00e9 \u00e9lev\u00e9e, r\u00e9sistant \u00e0 la corrosion et \u00e0 la d\u00e9formation.<\/div>\n<div><\/div>\n<div>Sp\u00e9cifications des produits : Sp\u00e9cifications compl\u00e8tes et soutien \u00e0 la personnalisation.<\/div>\n<div><\/div>\n<div>Application : Ce produit est largement utilis\u00e9 dans les industries m\u00e9caniques telles que les produits pharmaceutiques, le p\u00e9trole, les produits chimiques, l'alimentation, la m\u00e9tallurgie, la construction et l'\u00e9nergie.<\/div>","protected":false},"featured_media":690,"template":"","meta":{"_acf_changed":false},"product_brand":[],"product_cat":[43],"product_tag":[],"class_list":{"0":"post-689","1":"product","2":"type-product","3":"status-publish","4":"has-post-thumbnail","6":"product_cat-non-standard-series","8":"first","9":"instock","10":"shipping-taxable","11":"product-type-simple"},"acf":[],"_links":{"self":[{"href":"https:\/\/www.songhaiflange.com\/fr\/wp-json\/wp\/v2\/product\/689","targetHints":{"allow":["GET"]}}],"collection":[{"href":"https:\/\/www.songhaiflange.com\/fr\/wp-json\/wp\/v2\/product"}],"about":[{"href":"https:\/\/www.songhaiflange.com\/fr\/wp-json\/wp\/v2\/types\/product"}],"wp:featuredmedia":[{"embeddable":true,"href":"https:\/\/www.songhaiflange.com\/fr\/wp-json\/wp\/v2\/media\/690"}],"wp:attachment":[{"href":"https:\/\/www.songhaiflange.com\/fr\/wp-json\/wp\/v2\/media?parent=689"}],"wp:term":[{"taxonomy":"product_brand","embeddable":true,"href":"https:\/\/www.songhaiflange.com\/fr\/wp-json\/wp\/v2\/product_brand?post=689"},{"taxonomy":"product_cat","embeddable":true,"href":"https:\/\/www.songhaiflange.com\/fr\/wp-json\/wp\/v2\/product_cat?post=689"},{"taxonomy":"product_tag","embeddable":true,"href":"https:\/\/www.songhaiflange.com\/fr\/wp-json\/wp\/v2\/product_tag?post=689"}],"curies":[{"name":"wp","href":"https:\/\/api.w.org\/{rel}","templated":true}]}}