{"id":481,"date":"2025-11-17T04:00:50","date_gmt":"2025-11-17T04:00:50","guid":{"rendered":"http:\/\/www.songhaiflange.com\/?post_type=product&#038;p=481"},"modified":"2025-11-17T04:00:50","modified_gmt":"2025-11-17T04:00:50","slug":"Butt-Welded-Flange-1","status":"publish","type":"product","link":"https:\/\/www.songhaiflange.com\/it\/prodotto\/Butt-Welded-Flange-1\/","title":{"rendered":"Flangia saldata di testa 1"},"content":{"rendered":"<div class=\"goods_description_btm editor-box\">\n<p>Una flangia con saldatura testa a testa ha un collo a forma di cono saldato a un tubo o a un cilindro. \u00c8 una flangia robusta, in un unico pezzo, che sigilla meglio delle flange a saldatura piatta. Ma utilizza pi\u00f9 materiali e costa di pi\u00f9 perch\u00e9 deve essere forgiata. \u00c8 adatta a pressioni e temperature elevate o a esigenze di tenuta rigorose.<\/p>\n<\/p><\/div>","protected":false},"excerpt":{"rendered":"<div class=\"goods_info_group\">\n<div class=\"goods_info_item\">\n<div class=\"goods_info_item_title\">INTRO<\/div>\n<div class=\"goods_info_item_text\">Una flangia con saldatura testa a testa ha un collo a forma di cono saldato a un tubo o a un cilindro. \u00c8 una flangia robusta, in un unico pezzo, che sigilla meglio delle flange a saldatura piatta. \u00c8 adatta per le esigenze di alta pressione, temperatura o tenuta rigorosa.<\/div>\n<\/p><\/div>\n<div class=\"goods_info_item\">\n<div class=\"goods_info_item_title\"><\/div>\n<div class=\"goods_info_item_text\"><\/div>\n<\/p><\/div>\n<\/p><\/div>","protected":false},"featured_media":482,"template":"","meta":{"_acf_changed":false},"product_brand":[],"product_cat":[47],"product_tag":[],"class_list":{"0":"post-481","1":"product","2":"type-product","3":"status-publish","4":"has-post-thumbnail","6":"product_cat-weld-neck-flanges","8":"first","9":"instock","10":"shipping-taxable","11":"purchasable","12":"product-type-simple"},"acf":[],"_links":{"self":[{"href":"https:\/\/www.songhaiflange.com\/it\/wp-json\/wp\/v2\/product\/481","targetHints":{"allow":["GET"]}}],"collection":[{"href":"https:\/\/www.songhaiflange.com\/it\/wp-json\/wp\/v2\/product"}],"about":[{"href":"https:\/\/www.songhaiflange.com\/it\/wp-json\/wp\/v2\/types\/product"}],"wp:featuredmedia":[{"embeddable":true,"href":"https:\/\/www.songhaiflange.com\/it\/wp-json\/wp\/v2\/media\/482"}],"wp:attachment":[{"href":"https:\/\/www.songhaiflange.com\/it\/wp-json\/wp\/v2\/media?parent=481"}],"wp:term":[{"taxonomy":"product_brand","embeddable":true,"href":"https:\/\/www.songhaiflange.com\/it\/wp-json\/wp\/v2\/product_brand?post=481"},{"taxonomy":"product_cat","embeddable":true,"href":"https:\/\/www.songhaiflange.com\/it\/wp-json\/wp\/v2\/product_cat?post=481"},{"taxonomy":"product_tag","embeddable":true,"href":"https:\/\/www.songhaiflange.com\/it\/wp-json\/wp\/v2\/product_tag?post=481"}],"curies":[{"name":"wp","href":"https:\/\/api.w.org\/{rel}","templated":true}]}}