{"id":475,"date":"2025-11-17T04:00:40","date_gmt":"2025-11-17T04:00:40","guid":{"rendered":"http:\/\/www.songhaiflange.com\/?post_type=product&#038;p=475"},"modified":"2025-11-17T04:00:40","modified_gmt":"2025-11-17T04:00:40","slug":"Butt-Welding-Flange-2","status":"publish","type":"product","link":"https:\/\/www.songhaiflange.com\/vi\/san-pham\/Butt-Welding-Flange-2\/","title":{"rendered":"Flange h\u00e0n \u0111\u1ed1i \u0111\u1ea7u 2"},"content":{"rendered":"<div class=\"goods_description_btm editor-box\">\n<p>M\u1ed9t flange h\u00e0n c\u1ed5 h\u00ecnh n\u00f3n c\u00f3 ph\u1ea7n c\u1ed5 h\u00ecnh n\u00f3n \u0111\u01b0\u1ee3c h\u00e0n v\u00e0o \u1ed1ng ho\u1eb7c xi lanh. \u0110\u00e2y l\u00e0 lo\u1ea1i flange m\u1ed9t m\u1ea3nh ch\u1eafc ch\u1eafn, c\u00f3 kh\u1ea3 n\u0103ng k\u00edn kh\u00edt t\u1ed1t h\u01a1n so v\u1edbi flange h\u00e0n ph\u1eb3ng. Tuy nhi\u00ean, n\u00f3 s\u1eed d\u1ee5ng nhi\u1ec1u v\u1eadt li\u1ec7u h\u01a1n v\u00e0 chi ph\u00ed s\u1ea3n xu\u1ea5t cao h\u01a1n v\u00ec c\u1ea7n ph\u1ea3i r\u00e8n. Lo\u1ea1i flange n\u00e0y ph\u00f9 h\u1ee3p cho c\u00e1c \u1ee9ng d\u1ee5ng y\u00eau c\u1ea7u \u00e1p su\u1ea5t cao, nhi\u1ec7t \u0111\u1ed9 cao ho\u1eb7c y\u00eau c\u1ea7u k\u00edn kh\u00edt nghi\u00eam ng\u1eb7t.<\/p>\n<\/p><\/div>","protected":false},"excerpt":{"rendered":"<div class=\"goods_info_group\">\n<div class=\"goods_info_item\">\n<div class=\"goods_info_item_title\">GI\u1edaI THI\u1ec6U<\/div>\n<div class=\"goods_info_item_text\">M\u1ed9t flange h\u00e0n c\u1ed5 h\u00ecnh n\u00f3n \u0111\u01b0\u1ee3c h\u00e0n v\u00e0o \u1ed1ng ho\u1eb7c xi lanh. \u0110\u00e2y l\u00e0 lo\u1ea1i flange m\u1ed9t m\u1ea3nh ch\u1eafc ch\u1eafn, c\u00f3 kh\u1ea3 n\u0103ng k\u00edn kh\u00edt t\u1ed1t h\u01a1n so v\u1edbi flange h\u00e0n ph\u1eb3ng. N\u00f3 ph\u00f9 h\u1ee3p cho c\u00e1c \u1ee9ng d\u1ee5ng y\u00eau c\u1ea7u \u00e1p su\u1ea5t cao, nhi\u1ec7t \u0111\u1ed9 cao ho\u1eb7c y\u00eau c\u1ea7u k\u00edn kh\u00edt nghi\u00eam ng\u1eb7t.<\/div>\n<\/p><\/div>\n<div class=\"goods_info_item\">\n<div class=\"goods_info_item_title\"><\/div>\n<div class=\"goods_info_item_text\"><\/div>\n<\/p><\/div>\n<\/p><\/div>","protected":false},"featured_media":476,"template":"","meta":{"_acf_changed":false},"product_brand":[],"product_cat":[47],"product_tag":[],"class_list":{"0":"post-475","1":"product","2":"type-product","3":"status-publish","4":"has-post-thumbnail","6":"product_cat-weld-neck-flanges","8":"first","9":"instock","10":"shipping-taxable","11":"purchasable","12":"product-type-simple"},"acf":[],"_links":{"self":[{"href":"https:\/\/www.songhaiflange.com\/vi\/wp-json\/wp\/v2\/product\/475","targetHints":{"allow":["GET"]}}],"collection":[{"href":"https:\/\/www.songhaiflange.com\/vi\/wp-json\/wp\/v2\/product"}],"about":[{"href":"https:\/\/www.songhaiflange.com\/vi\/wp-json\/wp\/v2\/types\/product"}],"wp:featuredmedia":[{"embeddable":true,"href":"https:\/\/www.songhaiflange.com\/vi\/wp-json\/wp\/v2\/media\/476"}],"wp:attachment":[{"href":"https:\/\/www.songhaiflange.com\/vi\/wp-json\/wp\/v2\/media?parent=475"}],"wp:term":[{"taxonomy":"product_brand","embeddable":true,"href":"https:\/\/www.songhaiflange.com\/vi\/wp-json\/wp\/v2\/product_brand?post=475"},{"taxonomy":"product_cat","embeddable":true,"href":"https:\/\/www.songhaiflange.com\/vi\/wp-json\/wp\/v2\/product_cat?post=475"},{"taxonomy":"product_tag","embeddable":true,"href":"https:\/\/www.songhaiflange.com\/vi\/wp-json\/wp\/v2\/product_tag?post=475"}],"curies":[{"name":"wp","href":"https:\/\/api.w.org\/{rel}","templated":true}]}}