{"id":513,"date":"2025-11-17T04:40:06","date_gmt":"2025-11-17T04:40:06","guid":{"rendered":"http:\/\/www.songhaiflange.com\/?post_type=product&#038;p=513"},"modified":"2025-11-17T04:40:06","modified_gmt":"2025-11-17T04:40:06","slug":"Filter-tray","status":"publish","type":"product","link":"https:\/\/www.songhaiflange.com\/vi\/san-pham\/Filter-tray\/","title":{"rendered":"Khay l\u1ecdc"},"content":{"rendered":"<div class=\"goods_description_btm editor-box\">\n<p>Khay l\u1ecdc cung c\u1ea5p s\u1ef1 h\u1ed7 tr\u1ee3 \u1ed5n \u0111\u1ecbnh cho b\u1ed9 l\u1ecdc, \u0111\u1ea3m b\u1ea3o r\u1eb1ng b\u1ed9 l\u1ecdc lu\u00f4n \u1edf v\u1ecb tr\u00ed v\u00e0 h\u00ecnh d\u1ea1ng ch\u00ednh x\u00e1c trong qu\u00e1 tr\u00ecnh l\u1ecdc, tr\u00e1nh bi\u1ebfn d\u1ea1ng ho\u1eb7c d\u1ecbch chuy\u1ec3n do tr\u1ecdng l\u1ef1c ho\u1eb7c \u00e1p su\u1ea5t n\u01b0\u1edbc.<\/p>\n<\/p><\/div>","protected":false},"excerpt":{"rendered":"<div class=\"goods_info_group\">\n<div class=\"goods_info_item\">\n<div class=\"goods_info_item_title\">GI\u1edaI THI\u1ec6U<\/div>\n<div class=\"goods_info_item_text\">Khay l\u1ecdc c\u00f3 th\u1ec3 thu gom ch\u1ea5t l\u1ecfng \u0111\u00e3 \u0111\u01b0\u1ee3c l\u1ecdc s\u1ea1ch b\u1edfi b\u1ed9 l\u1ecdc \u0111\u1ec3 \u0111\u1ea3m b\u1ea3o ch\u1ea5t l\u1ecfng c\u00f3 th\u1ec3 ch\u1ea3y ra kh\u1ecfi b\u1ed9 l\u1ecdc m\u1ed9t c\u00e1ch tr\u01a1n tru v\u00e0 tr\u00e1nh \u1ea3nh h\u01b0\u1edfng \u0111\u1ebfn hi\u1ec7u qu\u1ea3 l\u1ecdc do s\u1ef1 ph\u00e2n t\u00e1n c\u1ee7a ch\u1ea5t l\u1ecfng.<\/div>\n<\/p><\/div>\n<div class=\"goods_info_item\">\n<div class=\"goods_info_item_title\"><\/div>\n<div class=\"goods_info_item_text\"><\/div>\n<\/p><\/div>\n<\/p><\/div>","protected":false},"featured_media":514,"comment_status":"open","ping_status":"closed","template":"","meta":{"_acf_changed":false},"product_brand":[],"product_cat":[17],"product_tag":[],"class_list":{"0":"post-513","1":"product","2":"type-product","3":"status-publish","4":"has-post-thumbnail","6":"product_cat-filter-flange-and-filter-element-accessories-series","8":"first","9":"instock","10":"shipping-taxable","11":"purchasable","12":"product-type-simple"},"acf":[],"_links":{"self":[{"href":"https:\/\/www.songhaiflange.com\/vi\/wp-json\/wp\/v2\/product\/513","targetHints":{"allow":["GET"]}}],"collection":[{"href":"https:\/\/www.songhaiflange.com\/vi\/wp-json\/wp\/v2\/product"}],"about":[{"href":"https:\/\/www.songhaiflange.com\/vi\/wp-json\/wp\/v2\/types\/product"}],"replies":[{"embeddable":true,"href":"https:\/\/www.songhaiflange.com\/vi\/wp-json\/wp\/v2\/comments?post=513"}],"wp:featuredmedia":[{"embeddable":true,"href":"https:\/\/www.songhaiflange.com\/vi\/wp-json\/wp\/v2\/media\/514"}],"wp:attachment":[{"href":"https:\/\/www.songhaiflange.com\/vi\/wp-json\/wp\/v2\/media?parent=513"}],"wp:term":[{"taxonomy":"product_brand","embeddable":true,"href":"https:\/\/www.songhaiflange.com\/vi\/wp-json\/wp\/v2\/product_brand?post=513"},{"taxonomy":"product_cat","embeddable":true,"href":"https:\/\/www.songhaiflange.com\/vi\/wp-json\/wp\/v2\/product_cat?post=513"},{"taxonomy":"product_tag","embeddable":true,"href":"https:\/\/www.songhaiflange.com\/vi\/wp-json\/wp\/v2\/product_tag?post=513"}],"curies":[{"name":"wp","href":"https:\/\/api.w.org\/{rel}","templated":true}]}}