{"id":515,"date":"2025-11-17T04:40:09","date_gmt":"2025-11-17T04:40:09","guid":{"rendered":"http:\/\/www.songhaiflange.com\/?post_type=product&#038;p=515"},"modified":"2025-11-16T23:57:39","modified_gmt":"2025-11-17T04:57:39","slug":"Filter-quick-opening-flange-cover","status":"publish","type":"product","link":"https:\/\/www.songhaiflange.com\/vi\/san-pham\/Filter-quick-opening-flange-cover\/","title":{"rendered":"N\u1eafp flange m\u1edf nhanh c\u00f3 b\u1ed9 l\u1ecdc"},"content":{"rendered":"<div class=\"goods_description_btm editor-box\">\n<p>D\u00f9ng \u0111\u1ec3 m\u1edf v\u00e0 \u0111\u00f3ng nhanh ch\u00f3ng b\u1ed9 l\u1ecdc, d\u1ec5 d\u00e0ng thay th\u1ebf v\u00e0 b\u1ea3o tr\u00ec b\u1ed9 l\u1ecdc.<\/p>\n<\/p><\/div>","protected":false},"excerpt":{"rendered":"<div class=\"goods_info_group\">\n<div class=\"goods_info_item\">\n<div class=\"goods_info_item_title\">GI\u1edaI THI\u1ec6U<\/div>\n<div class=\"goods_info_item_text\">D\u00f9ng \u0111\u1ec3 m\u1edf v\u00e0 \u0111\u00f3ng nhanh ch\u00f3ng b\u1ed9 l\u1ecdc, d\u1ec5 d\u00e0ng thay th\u1ebf v\u00e0 b\u1ea3o tr\u00ec b\u1ed9 l\u1ecdc.<\/div>\n<\/p><\/div>\n<div class=\"goods_info_item\">\n<div class=\"goods_info_item_title\"><\/div>\n<div class=\"goods_info_item_text\"><\/div>\n<\/p><\/div>\n<\/p><\/div>","protected":false},"featured_media":516,"template":"","meta":{"_acf_changed":false},"product_brand":[],"product_cat":[17],"product_tag":[],"class_list":{"0":"post-515","1":"product","2":"type-product","3":"status-publish","4":"has-post-thumbnail","6":"product_cat-filter-flange-and-filter-element-accessories-series","8":"first","9":"instock","10":"featured","11":"shipping-taxable","12":"purchasable","13":"product-type-simple"},"acf":[],"_links":{"self":[{"href":"https:\/\/www.songhaiflange.com\/vi\/wp-json\/wp\/v2\/product\/515","targetHints":{"allow":["GET"]}}],"collection":[{"href":"https:\/\/www.songhaiflange.com\/vi\/wp-json\/wp\/v2\/product"}],"about":[{"href":"https:\/\/www.songhaiflange.com\/vi\/wp-json\/wp\/v2\/types\/product"}],"wp:featuredmedia":[{"embeddable":true,"href":"https:\/\/www.songhaiflange.com\/vi\/wp-json\/wp\/v2\/media\/516"}],"wp:attachment":[{"href":"https:\/\/www.songhaiflange.com\/vi\/wp-json\/wp\/v2\/media?parent=515"}],"wp:term":[{"taxonomy":"product_brand","embeddable":true,"href":"https:\/\/www.songhaiflange.com\/vi\/wp-json\/wp\/v2\/product_brand?post=515"},{"taxonomy":"product_cat","embeddable":true,"href":"https:\/\/www.songhaiflange.com\/vi\/wp-json\/wp\/v2\/product_cat?post=515"},{"taxonomy":"product_tag","embeddable":true,"href":"https:\/\/www.songhaiflange.com\/vi\/wp-json\/wp\/v2\/product_tag?post=515"}],"curies":[{"name":"wp","href":"https:\/\/api.w.org\/{rel}","templated":true}]}}