{"id":519,"date":"2025-11-17T04:40:16","date_gmt":"2025-11-17T04:40:16","guid":{"rendered":"http:\/\/www.songhaiflange.com\/?post_type=product&#038;p=519"},"modified":"2025-11-17T04:40:16","modified_gmt":"2025-11-17T04:40:16","slug":"Filter-flange","status":"publish","type":"product","link":"https:\/\/www.songhaiflange.com\/vi\/san-pham\/Filter-flange\/","title":{"rendered":"B\u1ed9 l\u1ecdc m\u1eb7t b\u00edch"},"content":{"rendered":"<div class=\"goods_description_btm editor-box\">\n<p>C\u1ed5 flange l\u1ecdc l\u00e0 b\u1ed9 ph\u1eadn quan tr\u1ecdng trong vi\u1ec7c k\u1ebft n\u1ed1i b\u1ed9 l\u1ecdc v\u1edbi \u0111\u01b0\u1eddng \u1ed1ng. N\u00f3 k\u1ebft n\u1ed1i b\u1ed9 l\u1ecdc v\u1edbi \u0111\u01b0\u1eddng \u1ed1ng th\u00f4ng qua k\u1ebft n\u1ed1i flange, \u0111\u1ea3m b\u1ea3o \u0111\u1ed9 k\u00edn c\u1ee7a k\u1ebft n\u1ed1i \u0111\u1ec3 \u0111\u1ea3m b\u1ea3o d\u00f2ng ch\u1ea3y li\u00ean t\u1ee5c c\u1ee7a ch\u1ea5t l\u1ecfng ho\u1eb7c kh\u00ed v\u00e0 tr\u00e1nh r\u00f2 r\u1ec9.<\/p>\n<\/p><\/div>","protected":false},"excerpt":{"rendered":"<div class=\"goods_info_group\">\n<div class=\"goods_info_item\">\n<div class=\"goods_info_item_title\">GI\u1edaI THI\u1ec6U<\/div>\n<div class=\"goods_info_item_text\">N\u00f3 c\u00f3 ch\u1ee9c n\u0103ng b\u1ecbt k\u00edn, c\u1ed1 \u0111\u1ecbnh v\u00e0 h\u1ed7 tr\u1ee3 \u1ed1ng, \u0111\u1ed3ng th\u1eddi c\u00f3 th\u1ec3 l\u1eafp \u0111\u1eb7t v\u00e0 b\u1ea3o tr\u00ec b\u1ed9 l\u1ecdc m\u1ed9t c\u00e1ch d\u1ec5 d\u00e0ng.<\/div>\n<\/p><\/div>\n<div class=\"goods_info_item\">\n<div class=\"goods_info_item_title\"><\/div>\n<div class=\"goods_info_item_text\"><\/div>\n<\/p><\/div>\n<\/p><\/div>","protected":false},"featured_media":520,"template":"","meta":{"_acf_changed":false},"product_brand":[],"product_cat":[17],"product_tag":[],"class_list":{"0":"post-519","1":"product","2":"type-product","3":"status-publish","4":"has-post-thumbnail","6":"product_cat-filter-flange-and-filter-element-accessories-series","8":"first","9":"instock","10":"shipping-taxable","11":"purchasable","12":"product-type-simple"},"acf":[],"_links":{"self":[{"href":"https:\/\/www.songhaiflange.com\/vi\/wp-json\/wp\/v2\/product\/519","targetHints":{"allow":["GET"]}}],"collection":[{"href":"https:\/\/www.songhaiflange.com\/vi\/wp-json\/wp\/v2\/product"}],"about":[{"href":"https:\/\/www.songhaiflange.com\/vi\/wp-json\/wp\/v2\/types\/product"}],"wp:featuredmedia":[{"embeddable":true,"href":"https:\/\/www.songhaiflange.com\/vi\/wp-json\/wp\/v2\/media\/520"}],"wp:attachment":[{"href":"https:\/\/www.songhaiflange.com\/vi\/wp-json\/wp\/v2\/media?parent=519"}],"wp:term":[{"taxonomy":"product_brand","embeddable":true,"href":"https:\/\/www.songhaiflange.com\/vi\/wp-json\/wp\/v2\/product_brand?post=519"},{"taxonomy":"product_cat","embeddable":true,"href":"https:\/\/www.songhaiflange.com\/vi\/wp-json\/wp\/v2\/product_cat?post=519"},{"taxonomy":"product_tag","embeddable":true,"href":"https:\/\/www.songhaiflange.com\/vi\/wp-json\/wp\/v2\/product_tag?post=519"}],"curies":[{"name":"wp","href":"https:\/\/api.w.org\/{rel}","templated":true}]}}