{"id":521,"date":"2025-11-17T04:40:19","date_gmt":"2025-11-17T04:40:19","guid":{"rendered":"http:\/\/www.songhaiflange.com\/?post_type=product&#038;p=521"},"modified":"2025-11-17T04:40:19","modified_gmt":"2025-11-17T04:40:19","slug":"Filter-element-accessories","status":"publish","type":"product","link":"https:\/\/www.songhaiflange.com\/vi\/san-pham\/Filter-element-accessories\/","title":{"rendered":"Ph\u1ee5 ki\u1ec7n cho b\u1ed9 l\u1ecdc"},"content":{"rendered":"<div class=\"goods_description_btm editor-box\">\n<p>Ph\u1ee5 ki\u1ec7n c\u1ee7a c\u00e1c y\u1ebfu t\u1ed1 l\u1ecdc \u0111\u00f3ng vai tr\u00f2 quan tr\u1ecdng trong ng\u00e0nh l\u1ecdc, v\u00e0 c\u1ea5u tr\u00fac, ch\u1ee9c n\u0103ng v\u00e0 s\u1ef1 \u0111a d\u1ea1ng c\u1ee7a ch\u00fang c\u00f9ng nhau t\u1ea1o th\u00e0nh m\u1ed9t h\u1ec7 th\u1ed1ng l\u1ecdc ho\u00e0n ch\u1ec9nh.<\/p>\n<\/p><\/div>","protected":false},"excerpt":{"rendered":"<div class=\"goods_info_group\">\n<div class=\"goods_info_item\">\n<div class=\"goods_info_item_title\">GI\u1edaI THI\u1ec6U<\/div>\n<div class=\"goods_info_item_text\">Trong c\u00e1c \u1ee9ng d\u1ee5ng th\u1ef1c t\u1ebf, vi\u1ec7c l\u1ef1a ch\u1ecdn y\u1ebfu t\u1ed1 l\u1ecdc ph\u00f9 h\u1ee3p v\u00e0 c\u00e1c ph\u1ee5 ki\u1ec7n \u0111i k\u00e8m l\u00e0 c\u1ea7n thi\u1ebft, t\u00f9y thu\u1ed9c v\u00e0o nhu c\u1ea7u l\u1ecdc c\u1ee5 th\u1ec3 v\u00e0 c\u00e1c t\u00ecnh hu\u1ed1ng c\u1ee5 th\u1ec3.<\/div>\n<\/p><\/div>\n<div class=\"goods_info_item\">\n<div class=\"goods_info_item_title\"><\/div>\n<div class=\"goods_info_item_text\"><\/div>\n<\/p><\/div>\n<\/p><\/div>","protected":false},"featured_media":522,"template":"","meta":{"_acf_changed":false},"product_brand":[],"product_cat":[17],"product_tag":[],"class_list":{"0":"post-521","1":"product","2":"type-product","3":"status-publish","4":"has-post-thumbnail","6":"product_cat-filter-flange-and-filter-element-accessories-series","8":"first","9":"instock","10":"shipping-taxable","11":"purchasable","12":"product-type-simple"},"acf":[],"_links":{"self":[{"href":"https:\/\/www.songhaiflange.com\/vi\/wp-json\/wp\/v2\/product\/521","targetHints":{"allow":["GET"]}}],"collection":[{"href":"https:\/\/www.songhaiflange.com\/vi\/wp-json\/wp\/v2\/product"}],"about":[{"href":"https:\/\/www.songhaiflange.com\/vi\/wp-json\/wp\/v2\/types\/product"}],"wp:featuredmedia":[{"embeddable":true,"href":"https:\/\/www.songhaiflange.com\/vi\/wp-json\/wp\/v2\/media\/522"}],"wp:attachment":[{"href":"https:\/\/www.songhaiflange.com\/vi\/wp-json\/wp\/v2\/media?parent=521"}],"wp:term":[{"taxonomy":"product_brand","embeddable":true,"href":"https:\/\/www.songhaiflange.com\/vi\/wp-json\/wp\/v2\/product_brand?post=521"},{"taxonomy":"product_cat","embeddable":true,"href":"https:\/\/www.songhaiflange.com\/vi\/wp-json\/wp\/v2\/product_cat?post=521"},{"taxonomy":"product_tag","embeddable":true,"href":"https:\/\/www.songhaiflange.com\/vi\/wp-json\/wp\/v2\/product_tag?post=521"}],"curies":[{"name":"wp","href":"https:\/\/api.w.org\/{rel}","templated":true}]}}