{"id":523,"date":"2025-11-17T04:40:22","date_gmt":"2025-11-17T04:40:22","guid":{"rendered":"http:\/\/www.songhaiflange.com\/?post_type=product&#038;p=523"},"modified":"2025-11-16T23:57:47","modified_gmt":"2025-11-17T04:57:47","slug":"Filter-base","status":"publish","type":"product","link":"https:\/\/www.songhaiflange.com\/vi\/san-pham\/Filter-base\/","title":{"rendered":"C\u01a1 s\u1edf l\u1ecdc"},"content":{"rendered":"<div class=\"goods_description_btm editor-box\">\n<p>Ch\u1ee9c n\u0103ng ch\u00ednh l\u00e0 c\u1ed1 \u0111\u1ecbnh y\u1ebfu t\u1ed1 l\u1ecdc v\u00e0 k\u1ebft n\u1ed1i c\u00e1c \u0111\u01b0\u1eddng \u1ed1ng kh\u00e1c nhau \u0111\u1ec3 \u0111\u00f3ng vai tr\u00f2 h\u1ed7 tr\u1ee3 v\u00e0 b\u1ea3o v\u1ec7.<\/p>\n<\/p><\/div>","protected":false},"excerpt":{"rendered":"<div class=\"goods_info_group\">\n<div class=\"goods_info_item\">\n<div class=\"goods_info_item_title\">GI\u1edaI THI\u1ec6U<\/div>\n<div class=\"goods_info_item_text\">Ch\u1ee9c n\u0103ng ch\u00ednh l\u00e0 c\u1ed1 \u0111\u1ecbnh y\u1ebfu t\u1ed1 l\u1ecdc v\u00e0 k\u1ebft n\u1ed1i c\u00e1c \u0111\u01b0\u1eddng \u1ed1ng kh\u00e1c nhau \u0111\u1ec3 \u0111\u00f3ng vai tr\u00f2 h\u1ed7 tr\u1ee3 v\u00e0 b\u1ea3o v\u1ec7.<\/div>\n<\/p><\/div>\n<div class=\"goods_info_item\">\n<div class=\"goods_info_item_title\"><\/div>\n<div class=\"goods_info_item_text\"><\/div>\n<\/p><\/div>\n<\/p><\/div>","protected":false},"featured_media":524,"template":"","meta":{"_acf_changed":false},"product_brand":[],"product_cat":[17],"product_tag":[],"class_list":{"0":"post-523","1":"product","2":"type-product","3":"status-publish","4":"has-post-thumbnail","6":"product_cat-filter-flange-and-filter-element-accessories-series","8":"first","9":"instock","10":"featured","11":"shipping-taxable","12":"purchasable","13":"product-type-simple"},"acf":[],"_links":{"self":[{"href":"https:\/\/www.songhaiflange.com\/vi\/wp-json\/wp\/v2\/product\/523","targetHints":{"allow":["GET"]}}],"collection":[{"href":"https:\/\/www.songhaiflange.com\/vi\/wp-json\/wp\/v2\/product"}],"about":[{"href":"https:\/\/www.songhaiflange.com\/vi\/wp-json\/wp\/v2\/types\/product"}],"wp:featuredmedia":[{"embeddable":true,"href":"https:\/\/www.songhaiflange.com\/vi\/wp-json\/wp\/v2\/media\/524"}],"wp:attachment":[{"href":"https:\/\/www.songhaiflange.com\/vi\/wp-json\/wp\/v2\/media?parent=523"}],"wp:term":[{"taxonomy":"product_brand","embeddable":true,"href":"https:\/\/www.songhaiflange.com\/vi\/wp-json\/wp\/v2\/product_brand?post=523"},{"taxonomy":"product_cat","embeddable":true,"href":"https:\/\/www.songhaiflange.com\/vi\/wp-json\/wp\/v2\/product_cat?post=523"},{"taxonomy":"product_tag","embeddable":true,"href":"https:\/\/www.songhaiflange.com\/vi\/wp-json\/wp\/v2\/product_tag?post=523"}],"curies":[{"name":"wp","href":"https:\/\/api.w.org\/{rel}","templated":true}]}}