{"id":531,"date":"2025-11-17T04:42:18","date_gmt":"2025-11-17T04:42:18","guid":{"rendered":"http:\/\/www.songhaiflange.com\/?post_type=product&#038;p=531"},"modified":"2025-11-16T23:56:59","modified_gmt":"2025-11-17T04:56:59","slug":"Water-meter-flange","status":"publish","type":"product","link":"https:\/\/www.songhaiflange.com\/vi\/san-pham\/Water-meter-flange\/","title":{"rendered":"B\u1ed9 n\u1ed1i \u1ed1ng \u0111\u1ed3ng h\u1ed3 n\u01b0\u1edbc"},"content":{"rendered":"<div class=\"goods_description_btm editor-box\">\n<p>C\u1ed5 \u1ed1ng \u0111\u1ed3ng h\u1ed3 n\u01b0\u1edbc l\u00e0 b\u1ed9 ph\u1eadn k\u1ebft n\u1ed1i gi\u1eefa \u0111\u1ed3ng h\u1ed3 n\u01b0\u1edbc v\u00e0 \u1ed1ng n\u01b0\u1edbc, \u0111\u01b0\u1ee3c s\u1eed d\u1ee5ng \u0111\u1ec3 c\u1ed1 \u0111\u1ecbnh \u0111\u1ed3ng h\u1ed3 n\u01b0\u1edbc v\u00e0 \u1ed1ng n\u01b0\u1edbc nh\u1eb1m \u0111\u1ea3m b\u1ea3o d\u00f2ng ch\u1ea3y n\u01b0\u1edbc di\u1ec5n ra b\u00ecnh th\u01b0\u1eddng.<\/p>\n<\/p><\/div>","protected":false},"excerpt":{"rendered":"<div class=\"goods_info_group\">\n<div class=\"goods_info_item\">\n<div class=\"goods_info_item_title\">GI\u1edaI THI\u1ec6U<\/div>\n<div class=\"goods_info_item_text\">C\u1ed5 \u1ed1ng \u0111\u1ed3ng h\u1ed3 n\u01b0\u1edbc l\u00e0 m\u1ed9t giao di\u1ec7n quan tr\u1ecdng k\u1ebft n\u1ed1i \u0111\u1ed3ng h\u1ed3 n\u01b0\u1edbc v\u1edbi \u1ed1ng n\u01b0\u1edbc, v\u00e0 vi\u1ec7c l\u1eafp \u0111\u1eb7t \u0111\u00fang c\u00e1ch c\u1ed5 \u1ed1ng \u0111\u1ed3ng h\u1ed3 n\u01b0\u1edbc c\u00f3 th\u1ec3 tr\u00e1nh \u0111\u01b0\u1ee3c nhi\u1ec1u l\u00e3ng ph\u00ed v\u00e0 tai n\u1ea1n.<\/div>\n<\/p><\/div>\n<div class=\"goods_info_item\">\n<div class=\"goods_info_item_title\"><\/div>\n<div class=\"goods_info_item_text\"><\/div>\n<\/p><\/div>\n<\/p><\/div>","protected":false},"featured_media":532,"comment_status":"open","ping_status":"closed","template":"","meta":{"_acf_changed":false},"product_brand":[],"product_cat":[25],"product_tag":[],"class_list":{"0":"post-531","1":"product","2":"type-product","3":"status-publish","4":"has-post-thumbnail","6":"product_cat-instrument-flange-series","8":"first","9":"instock","10":"featured","11":"shipping-taxable","12":"purchasable","13":"product-type-simple"},"acf":[],"_links":{"self":[{"href":"https:\/\/www.songhaiflange.com\/vi\/wp-json\/wp\/v2\/product\/531","targetHints":{"allow":["GET"]}}],"collection":[{"href":"https:\/\/www.songhaiflange.com\/vi\/wp-json\/wp\/v2\/product"}],"about":[{"href":"https:\/\/www.songhaiflange.com\/vi\/wp-json\/wp\/v2\/types\/product"}],"replies":[{"embeddable":true,"href":"https:\/\/www.songhaiflange.com\/vi\/wp-json\/wp\/v2\/comments?post=531"}],"wp:featuredmedia":[{"embeddable":true,"href":"https:\/\/www.songhaiflange.com\/vi\/wp-json\/wp\/v2\/media\/532"}],"wp:attachment":[{"href":"https:\/\/www.songhaiflange.com\/vi\/wp-json\/wp\/v2\/media?parent=531"}],"wp:term":[{"taxonomy":"product_brand","embeddable":true,"href":"https:\/\/www.songhaiflange.com\/vi\/wp-json\/wp\/v2\/product_brand?post=531"},{"taxonomy":"product_cat","embeddable":true,"href":"https:\/\/www.songhaiflange.com\/vi\/wp-json\/wp\/v2\/product_cat?post=531"},{"taxonomy":"product_tag","embeddable":true,"href":"https:\/\/www.songhaiflange.com\/vi\/wp-json\/wp\/v2\/product_tag?post=531"}],"curies":[{"name":"wp","href":"https:\/\/api.w.org\/{rel}","templated":true}]}}