{"id":563,"date":"2025-11-17T04:50:34","date_gmt":"2025-11-17T04:50:34","guid":{"rendered":"http:\/\/www.songhaiflange.com\/?post_type=product&#038;p=563"},"modified":"2025-11-17T04:50:34","modified_gmt":"2025-11-17T04:50:34","slug":"Flower-Plate","status":"publish","type":"product","link":"https:\/\/www.songhaiflange.com\/vi\/san-pham\/Flower-Plate\/","title":{"rendered":"\u0110\u0129a hoa"},"content":{"rendered":"<div class=\"goods_description_btm editor-box\">\n<p>S\u1ea3n ph\u1ea9m t\u00f9y ch\u1ec9nh l\u00e0 nh\u1eefng s\u1ea3n ph\u1ea9m \u0111\u01b0\u1ee3c s\u1ea3n xu\u1ea5t \u0111\u1ec3 \u0111\u00e1p \u1ee9ng c\u00e1c nhu c\u1ea7u c\u1ee5 th\u1ec3 c\u1ee7a kh\u00e1ch h\u00e0ng. Ch\u00fang c\u00f3 th\u1ec3 kh\u00e1c bi\u1ec7t so v\u1edbi c\u00e1c s\u1ea3n ph\u1ea9m ti\u00eau chu\u1ea9n, s\u1ea3n xu\u1ea5t h\u00e0ng lo\u1ea1t v\u1ec1 th\u00f4ng s\u1ed1 k\u1ef9 thu\u1eadt, s\u1ed1 l\u01b0\u1ee3ng, m\u00e0u s\u1eafc, m\u00f9i h\u01b0\u01a1ng, bao b\u00ec v\u00e0 nh\u00e3n m\u00e1c.<\/p>\n<\/p><\/div>","protected":false},"excerpt":{"rendered":"<div class=\"goods_info_group\">\n<div class=\"goods_info_item\">\n<div class=\"goods_info_item_title\">GI\u1edaI THI\u1ec6U<\/div>\n<div class=\"goods_info_item_text\">S\u1ea3n ph\u1ea9m t\u00f9y ch\u1ec9nh l\u00e0 nh\u1eefng s\u1ea3n ph\u1ea9m \u0111\u01b0\u1ee3c s\u1ea3n xu\u1ea5t \u0111\u1ec3 \u0111\u00e1p \u1ee9ng c\u00e1c nhu c\u1ea7u c\u1ee5 th\u1ec3 c\u1ee7a kh\u00e1ch h\u00e0ng. Ch\u00fang c\u00f3 th\u1ec3 kh\u00e1c bi\u1ec7t so v\u1edbi c\u00e1c s\u1ea3n ph\u1ea9m ti\u00eau chu\u1ea9n, s\u1ea3n xu\u1ea5t h\u00e0ng lo\u1ea1t v\u1ec1 th\u00f4ng s\u1ed1 k\u1ef9 thu\u1eadt, s\u1ed1 l\u01b0\u1ee3ng, m\u00e0u s\u1eafc, m\u00f9i h\u01b0\u01a1ng, bao b\u00ec v\u00e0 nh\u00e3n m\u00e1c.<\/div>\n<\/p><\/div>\n<div class=\"goods_info_item\">\n<div class=\"goods_info_item_title\"><\/div>\n<div class=\"goods_info_item_text\"><\/div>\n<\/p><\/div>\n<\/p><\/div>","protected":false},"featured_media":564,"template":"","meta":{"_acf_changed":false},"product_brand":[],"product_cat":[44],"product_tag":[],"class_list":{"0":"post-563","1":"product","2":"type-product","3":"status-publish","4":"has-post-thumbnail","6":"product_cat-customized-products","8":"first","9":"instock","10":"shipping-taxable","11":"purchasable","12":"product-type-simple"},"acf":[],"_links":{"self":[{"href":"https:\/\/www.songhaiflange.com\/vi\/wp-json\/wp\/v2\/product\/563","targetHints":{"allow":["GET"]}}],"collection":[{"href":"https:\/\/www.songhaiflange.com\/vi\/wp-json\/wp\/v2\/product"}],"about":[{"href":"https:\/\/www.songhaiflange.com\/vi\/wp-json\/wp\/v2\/types\/product"}],"wp:featuredmedia":[{"embeddable":true,"href":"https:\/\/www.songhaiflange.com\/vi\/wp-json\/wp\/v2\/media\/564"}],"wp:attachment":[{"href":"https:\/\/www.songhaiflange.com\/vi\/wp-json\/wp\/v2\/media?parent=563"}],"wp:term":[{"taxonomy":"product_brand","embeddable":true,"href":"https:\/\/www.songhaiflange.com\/vi\/wp-json\/wp\/v2\/product_brand?post=563"},{"taxonomy":"product_cat","embeddable":true,"href":"https:\/\/www.songhaiflange.com\/vi\/wp-json\/wp\/v2\/product_cat?post=563"},{"taxonomy":"product_tag","embeddable":true,"href":"https:\/\/www.songhaiflange.com\/vi\/wp-json\/wp\/v2\/product_tag?post=563"}],"curies":[{"name":"wp","href":"https:\/\/api.w.org\/{rel}","templated":true}]}}