{"id":677,"date":"2025-12-04T02:50:10","date_gmt":"2025-12-04T07:50:10","guid":{"rendered":"https:\/\/www.songhaiflange.com\/?post_type=product&#038;p=677"},"modified":"2025-12-04T02:55:01","modified_gmt":"2025-12-04T07:55:01","slug":"large-diameter-flange","status":"publish","type":"product","link":"https:\/\/www.songhaiflange.com\/vi\/san-pham\/large-diameter-flange\/","title":{"rendered":"Flange c\u00f3 \u0111\u01b0\u1eddng k\u00ednh l\u1edbn"},"content":{"rendered":"","protected":false},"excerpt":{"rendered":"<div>V\u1eadt li\u1ec7u s\u1ea3n ph\u1ea9m: S30408\/S31603\/S22053\/S31008\/904L\/Titanium\/Hastelloy v\u00e0 c\u00e1c v\u1eadt li\u1ec7u \u0111\u1eb7c bi\u1ec7t kh\u00e1c.<\/div>\n<div><\/div>\n<div>K\u00edch th\u01b0\u1edbc s\u1ea3n ph\u1ea9m: 1\/2 inch ~ 240 inch (DN15mm - DN6000mm)<\/div>\n<div><\/div>\n<div>T\u00ednh n\u0103ng s\u1ea3n ph\u1ea9m: \u0110\u1ed9 c\u1ee9ng cao, kh\u00f4ng d\u1ec5 b\u1ecb \u0103n m\u00f2n ho\u1eb7c bi\u1ebfn d\u1ea1ng.<\/div>\n<div><\/div>\n<div>Th\u00f4ng s\u1ed1 k\u1ef9 thu\u1eadt s\u1ea3n ph\u1ea9m: Th\u00f4ng s\u1ed1 k\u1ef9 thu\u1eadt \u0111\u1ea7y \u0111\u1ee7 v\u00e0 h\u1ed7 tr\u1ee3 t\u00f9y ch\u1ec9nh.<\/div>\n<div><\/div>\n<div>\u1ee8ng d\u1ee5ng: S\u1ea3n ph\u1ea9m \u0111\u01b0\u1ee3c s\u1eed d\u1ee5ng r\u1ed9ng r\u00e3i trong c\u00e1c ng\u00e0nh c\u00f4ng nghi\u1ec7p k\u1ef9 thu\u1eadt nh\u01b0 d\u01b0\u1ee3c ph\u1ea9m, d\u1ea7u kh\u00ed, h\u00f3a ch\u1ea5t, th\u1ef1c ph\u1ea9m, luy\u1ec7n kim, x\u00e2y d\u1ef1ng v\u00e0 n\u0103ng l\u01b0\u1ee3ng.<\/div>","protected":false},"featured_media":678,"comment_status":"closed","ping_status":"closed","template":"","meta":{"_acf_changed":false},"product_brand":[],"product_cat":[63],"product_tag":[],"class_list":{"0":"post-677","1":"product","2":"type-product","3":"status-publish","4":"has-post-thumbnail","6":"product_cat-large-diameter-flange","8":"first","9":"instock","10":"shipping-taxable","11":"product-type-simple"},"acf":[],"_links":{"self":[{"href":"https:\/\/www.songhaiflange.com\/vi\/wp-json\/wp\/v2\/product\/677","targetHints":{"allow":["GET"]}}],"collection":[{"href":"https:\/\/www.songhaiflange.com\/vi\/wp-json\/wp\/v2\/product"}],"about":[{"href":"https:\/\/www.songhaiflange.com\/vi\/wp-json\/wp\/v2\/types\/product"}],"replies":[{"embeddable":true,"href":"https:\/\/www.songhaiflange.com\/vi\/wp-json\/wp\/v2\/comments?post=677"}],"wp:featuredmedia":[{"embeddable":true,"href":"https:\/\/www.songhaiflange.com\/vi\/wp-json\/wp\/v2\/media\/678"}],"wp:attachment":[{"href":"https:\/\/www.songhaiflange.com\/vi\/wp-json\/wp\/v2\/media?parent=677"}],"wp:term":[{"taxonomy":"product_brand","embeddable":true,"href":"https:\/\/www.songhaiflange.com\/vi\/wp-json\/wp\/v2\/product_brand?post=677"},{"taxonomy":"product_cat","embeddable":true,"href":"https:\/\/www.songhaiflange.com\/vi\/wp-json\/wp\/v2\/product_cat?post=677"},{"taxonomy":"product_tag","embeddable":true,"href":"https:\/\/www.songhaiflange.com\/vi\/wp-json\/wp\/v2\/product_tag?post=677"}],"curies":[{"name":"wp","href":"https:\/\/api.w.org\/{rel}","templated":true}]}}